{"id":381,"date":"2025-02-06T08:56:39","date_gmt":"2025-02-06T07:56:39","guid":{"rendered":"https:\/\/lste.enp.edu.dz\/?page_id=381"},"modified":"2025-03-09T13:02:31","modified_gmt":"2025-03-09T12:02:31","slug":"maitrise-des-risques-industriels-et-environnementaux","status":"publish","type":"page","link":"https:\/\/lste.enp.edu.dz\/index.php\/maitrise-des-risques-industriels-et-environnementaux\/","title":{"rendered":"Maitrise des risques industriels et environnementaux"},"content":{"rendered":"\t\t<div data-elementor-type=\"wp-page\" data-elementor-id=\"381\" class=\"elementor elementor-381\">\n\t\t\t\t<div class=\"elementor-element elementor-element-c4f8814 e-flex e-con-boxed e-con e-parent\" data-id=\"c4f8814\" data-element_type=\"container\">\n\t\t\t\t\t<div class=\"e-con-inner\">\n\t\t\t\t<div class=\"elementor-element elementor-element-1cb98a1 elementor-widget elementor-widget-heading\" data-id=\"1cb98a1\" data-element_type=\"widget\" data-widget_type=\"heading.default\">\n\t\t\t\t<div class=\"elementor-widget-container\">\n\t\t\t<h4 class=\"elementor-heading-title elementor-size-default\">Acronyme \n\nMRIE<\/h4>\t\t<\/div>\n\t\t\t\t<\/div>\n\t\t\t\t\t<\/div>\n\t\t\t\t<\/div>\n\t\t\t\t<section class=\"elementor-section elementor-top-section elementor-element elementor-element-46ab6c2 elementor-section-boxed elementor-section-height-default elementor-section-height-default\" data-id=\"46ab6c2\" data-element_type=\"section\">\n\t\t\t\t\t\t<div class=\"elementor-container elementor-column-gap-default\">\n\t\t\t\t\t<div class=\"elementor-column elementor-col-100 elementor-top-column elementor-element elementor-element-ec2211c\" data-id=\"ec2211c\" data-element_type=\"column\">\n\t\t\t<div class=\"elementor-widget-wrap elementor-element-populated\">\n\t\t\t\t<div class=\"elementor-element elementor-element-44533bd e-flex e-con-boxed e-con e-parent\" data-id=\"44533bd\" data-element_type=\"container\">\n\t\t\t\t\t<div class=\"e-con-inner\">\n\t\t\t\t<div class=\"elementor-element elementor-element-4fd6d9c elementor-widget elementor-widget-heading\" data-id=\"4fd6d9c\" data-element_type=\"widget\" data-widget_type=\"heading.default\">\n\t\t\t\t<div class=\"elementor-widget-container\">\n\t\t\t<h4 class=\"elementor-heading-title elementor-size-default\">Chef de l\u2019\u00e9quipe\u00a0<\/h4>\t\t<\/div>\n\t\t\t\t<\/div>\n\t\t\t\t<div class=\"elementor-element elementor-element-55cff8b elementor-widget elementor-widget-text-editor\" data-id=\"55cff8b\" data-element_type=\"widget\" data-widget_type=\"text-editor.default\">\n\t\t\t\t<div class=\"elementor-widget-container\">\n\t\t\t\t\t\t\t<ul><li><p><strong>Prof. Yousfi Hamid (2023-\u00a0 \u00e0 ce jour)<\/strong><\/p><\/li><\/ul>\t\t\t\t\t\t<\/div>\n\t\t\t\t<\/div>\n\t\t\t\t\t<\/div>\n\t\t\t\t<\/div>\n\t\t\t\t\t<\/div>\n\t\t<\/div>\n\t\t\t\t\t<\/div>\n\t\t<\/section>\n\t\t<div class=\"elementor-element elementor-element-f99e5e1 e-flex e-con-boxed e-con e-parent\" data-id=\"f99e5e1\" data-element_type=\"container\">\n\t\t\t\t\t<div class=\"e-con-inner\">\n\t\t\t\t<div class=\"elementor-element elementor-element-84eee7b elementor-widget elementor-widget-heading\" data-id=\"84eee7b\" data-element_type=\"widget\" data-widget_type=\"heading.default\">\n\t\t\t\t<div class=\"elementor-widget-container\">\n\t\t\t<h4 class=\"elementor-heading-title elementor-size-default\">Description du programme scientifique de recherche d'\u00e9quipe 5:\n<\/h4>\t\t<\/div>\n\t\t\t\t<\/div>\n\t\t\t\t\t<\/div>\n\t\t\t\t<\/div>\n\t\t<div class=\"elementor-element elementor-element-eb8a621 e-flex e-con-boxed e-con e-parent\" data-id=\"eb8a621\" data-element_type=\"container\">\n\t\t\t\t\t<div class=\"e-con-inner\">\n\t\t\t\t<div class=\"elementor-element elementor-element-089d050 elementor-widget elementor-widget-text-editor\" data-id=\"089d050\" data-element_type=\"widget\" data-widget_type=\"text-editor.default\">\n\t\t\t\t<div class=\"elementor-widget-container\">\n\t\t\t\t\t\t\t<p>L&rsquo;impact d&rsquo;un environnement corrosif sur les mat\u00e9riaux m\u00e9talliques est tr\u00e8s important, et n\u00e9cessite l&rsquo;agressivit\u00e9 de l&rsquo;environnement, qui pourrait conduire \u00e0 une am\u00e9lioration de leurs microstructures et leurs propri\u00e9t\u00e9s physico-chimiques. La technique la plus utilis\u00e9e pour prot\u00e9ger ce type de mat\u00e9riaux contre la corrosion, est l&rsquo;utilisation d&rsquo;inhibiteurs de corrosion.\u00a0 Les inhibiteurs de corrosion (organiques ou inorganiques) sont largement utilis\u00e9s pour r\u00e9duire la corrosion des structures m\u00e9talliques et se sont la solution cl\u00e9 pour prolonger la dur\u00e9e de vie ce ces structures. La corrosion n&rsquo;est pas seulement une source de gaspillage de mati\u00e8res premi\u00e8res et d&rsquo;\u00e9nergie, elle peut en plus provoquer des accidents graves et, dans certain cas, contribuer \u00e0 la pollution de l&rsquo;environnement naturel. Dans ce contexte, il appara\u00eet n\u00e9cessaire de comprendre les m\u00e9canismes de corrosion long terme en condition atmosph\u00e9rique d&rsquo;une part afin de pouvoir pr\u00e9voir la dur\u00e9e de vie, et d&rsquo;autre part, de proposer des m\u00e9thodes de protection contre la corrosion atmosph\u00e9rique.\u00a0 Dans le cadre de notre future activit\u00e9s, l&rsquo;\u00e9tude dans le domaine de la gestion des risques industriels et environnementaux, tels que:<\/p><p>&#8211; La protection et pr\u00e9servation de l&rsquo;environnement\u00a0;<\/p><p>&#8211; La pr\u00e9vention, la ma\u00eetrise et la gestion des risques technologique et industriels\u00a0;<\/p><p>\u00a0&#8211; L\u2019\u00e9laboration des sc\u00e9narios de dangers et simulation de situation de dangers\u00a0;<\/p><p>\u00a0&#8211; La ma\u00eetrise des techniques de surveillance des syst\u00e8mes de production\u00a0;<\/p><p>\u00a0&#8211; La ma\u00eetrise des techniques de recyclages des mati\u00e8res.<\/p>\t\t\t\t\t\t<\/div>\n\t\t\t\t<\/div>\n\t\t\t\t\t<\/div>\n\t\t\t\t<\/div>\n\t\t<div class=\"elementor-element elementor-element-c514021 e-flex e-con-boxed e-con e-parent\" data-id=\"c514021\" data-element_type=\"container\">\n\t\t\t\t\t<div class=\"e-con-inner\">\n\t\t\t\t<div class=\"elementor-element elementor-element-8e9bda2 elementor-widget elementor-widget-heading\" data-id=\"8e9bda2\" data-element_type=\"widget\" data-widget_type=\"heading.default\">\n\t\t\t\t<div class=\"elementor-widget-container\">\n\t\t\t<h4 class=\"elementor-heading-title elementor-size-default\">Membres de l\u2019\u00e9quipe 5<\/h4>\t\t<\/div>\n\t\t\t\t<\/div>\n\t\t\t\t\t<\/div>\n\t\t\t\t<\/div>\n\t\t<div class=\"elementor-element elementor-element-95d03f3 e-flex e-con-boxed e-con e-parent\" data-id=\"95d03f3\" data-element_type=\"container\">\n\t\t\t\t\t<div class=\"e-con-inner\">\n\t\t\t\t<div class=\"elementor-element elementor-element-2bc48fd elementor-widget elementor-widget-text-editor\" data-id=\"2bc48fd\" data-element_type=\"widget\" data-widget_type=\"text-editor.default\">\n\t\t\t\t<div class=\"elementor-widget-container\">\n\t\t\t\t\t\t\t<style>\n    table {\n        border-collapse: collapse;\n        width: 100%;\n    }\n    th, td {\n        border: 1px solid black;\n        padding: 8px;\n        text-align: left;\n        font-family: 'Times New Roman', Times, serif;\n        font-size: 15px;\n        color: black;\n    }\n    th {\n        background-color: #f2f2f2;\n    }\n    a {\n        color: #0000EE;\n        text-decoration: none;\n    }\n    a:hover {\n        text-decoration: underline;\n    }\n<\/style>\n\n<table>\n    <thead>\n        <tr>\n            <th>N\u00b0<\/th>\n            <th>Nom et Pr\u00e9nom<\/th>\n            <th>Grade<\/th>\n            <th>\u00c9tablissement de rattachement<\/th>\n            <th>Mail<\/th>\n            <th>Google Scholar\/ResearchGate<\/th>\n        <\/tr>\n    <\/thead>\n    <tbody>\n        <tr><td>1<\/td><td>Hamid YOUSFI<\/td><td>Pr<\/td><td>ENP<\/td><td>hamid.yousfi@g.enp.edu.dz<\/td><td><a href=\"https:\/\/www.researchgate.net\/scientific-contributions\/H-\n\nYOUSFI-2285419129\">Lien de Google Scholar<\/a> <\/td><\/tr>\n        <tr><td>2<\/td><td>Farid LEGUEBEDJ<\/td><td>MAA<\/td><td>ENP<\/td><td><\/td><td><a href=\"https:\/\/scholar.google.fr\/citations?hl=fr&amp;user=8SX5th4AAAAJ\">Lien de Google Scholar<\/a> <\/td><\/tr>\n        <tr><td>3<\/td><td>Marya FODIL<\/td><td>MAA<\/td><td>ENP<\/td><td><\/td><td><\/td><\/tr>\n        <tr><td>4<\/td><td>Bachir TOUAHAR<\/td><td>MAA<\/td><td>ENP<\/td><td><\/td><td><a href=\"https:\/\/scholar.google.fr\/citations?hl=fr&amp;user=Q6uAbw0AAAAJ\">Lien de Google Scholar<\/a><\/td><\/tr>\n        <tr><td>5<\/td><td>Mohamed BOUBAKEUR<\/td><td>MAA<\/td><td>ENP<\/td><td><\/td><td><a href=\"https:\/\/www.researchgate.net\/profile\/Mohamed_Boubakeur\">Lien de Google Scholar<\/a><\/td><\/tr>\n        <tr><td>6<\/td><td>Hind MERZOUGUI<\/td><td>Doctorante<\/td><td>ENP<\/td><td><\/td><td><\/td><\/tr>\n        <tr><td>7<\/td><td>Fadya BENLAHCEN<\/td><td>Doctorante<\/td><td>ENP<\/td><td><\/td><td><\/td><\/tr>\n        <tr><td>8<\/td><td>Hasni CHIKH<\/td><td>Doctorant<\/td><td>ENP<\/td><td><\/td><td><\/td><\/tr>\n        <tr><td>9<\/td><td>Rayane GUEZZANE<\/td><td>Doctorant<\/td><td>ENP<\/td><td><\/td><td><\/td><\/tr>\n        <tr><td>10<\/td><td>Abdellah DOUDOU<\/td><td>Doctorant<\/td><td>ENP<\/td><td><\/td><td><\/td><\/tr>\n        <tr><td>11<\/td><td>Abdelmalek SAKRI<\/td><td>Doctorant<\/td><td>ENP<\/td><td><\/td><td><\/td><\/tr>\n        <tr><td>12<\/td><td>Nour El Houda BENHARKAT<\/td><td>Doctorante<\/td><td>ENP<\/td><td><\/td><td><\/td><\/tr>\n    <\/tbody>\n<\/table>\n\t\t\t\t\t\t<\/div>\n\t\t\t\t<\/div>\n\t\t\t\t\t<\/div>\n\t\t\t\t<\/div>\n\t\t\t\t<\/div>\n\t\t","protected":false},"excerpt":{"rendered":"<p>Acronyme MRIE Chef de l\u2019\u00e9quipe\u00a0 Prof. Yousfi Hamid (2023-\u00a0 \u00e0 ce jour) Description du programme scientifique de recherche d&rsquo;\u00e9quipe 5: L&rsquo;impact d&rsquo;un environnement corrosif sur&hellip;<\/p>\n","protected":false},"author":1,"featured_media":0,"parent":0,"menu_order":0,"comment_status":"closed","ping_status":"closed","template":"","meta":{"footnotes":""},"class_list":["post-381","page","type-page","status-publish","hentry"],"_links":{"self":[{"href":"https:\/\/lste.enp.edu.dz\/index.php\/wp-json\/wp\/v2\/pages\/381","targetHints":{"allow":["GET"]}}],"collection":[{"href":"https:\/\/lste.enp.edu.dz\/index.php\/wp-json\/wp\/v2\/pages"}],"about":[{"href":"https:\/\/lste.enp.edu.dz\/index.php\/wp-json\/wp\/v2\/types\/page"}],"author":[{"embeddable":true,"href":"https:\/\/lste.enp.edu.dz\/index.php\/wp-json\/wp\/v2\/users\/1"}],"replies":[{"embeddable":true,"href":"https:\/\/lste.enp.edu.dz\/index.php\/wp-json\/wp\/v2\/comments?post=381"}],"version-history":[{"count":8,"href":"https:\/\/lste.enp.edu.dz\/index.php\/wp-json\/wp\/v2\/pages\/381\/revisions"}],"predecessor-version":[{"id":472,"href":"https:\/\/lste.enp.edu.dz\/index.php\/wp-json\/wp\/v2\/pages\/381\/revisions\/472"}],"wp:attachment":[{"href":"https:\/\/lste.enp.edu.dz\/index.php\/wp-json\/wp\/v2\/media?parent=381"}],"curies":[{"name":"wp","href":"https:\/\/api.w.org\/{rel}","templated":true}]}}