{"id":361,"date":"2025-02-04T14:42:14","date_gmt":"2025-02-04T13:42:14","guid":{"rendered":"https:\/\/lste.enp.edu.dz\/?page_id=361"},"modified":"2025-03-09T12:06:27","modified_gmt":"2025-03-09T11:06:27","slug":"gestion-de-la-pollution-des-eaux-et-des-sols-par-les-produits-chimiques","status":"publish","type":"page","link":"https:\/\/lste.enp.edu.dz\/index.php\/gestion-de-la-pollution-des-eaux-et-des-sols-par-les-produits-chimiques\/","title":{"rendered":"Gestion de la pollution des eaux et des sols par les produits chimiques"},"content":{"rendered":"\t\t<div data-elementor-type=\"wp-page\" data-elementor-id=\"361\" class=\"elementor elementor-361\">\n\t\t\t\t<div class=\"elementor-element elementor-element-5158e09 e-flex e-con-boxed e-con e-parent\" data-id=\"5158e09\" data-element_type=\"container\">\n\t\t\t\t\t<div class=\"e-con-inner\">\n\t\t\t\t<div class=\"elementor-element elementor-element-d6ce0f0 elementor-widget elementor-widget-heading\" data-id=\"d6ce0f0\" data-element_type=\"widget\" data-widget_type=\"heading.default\">\n\t\t\t\t<div class=\"elementor-widget-container\">\n\t\t\t<h4 class=\"elementor-heading-title elementor-size-default\">Acronyme \n\n GPE &amp; SPC\n<\/h4>\t\t<\/div>\n\t\t\t\t<\/div>\n\t\t\t\t\t<\/div>\n\t\t\t\t<\/div>\n\t\t\t\t<section class=\"elementor-section elementor-top-section elementor-element elementor-element-8e0da5b elementor-section-boxed elementor-section-height-default elementor-section-height-default\" data-id=\"8e0da5b\" data-element_type=\"section\">\n\t\t\t\t\t\t<div class=\"elementor-container elementor-column-gap-default\">\n\t\t\t\t\t<div class=\"elementor-column elementor-col-100 elementor-top-column elementor-element elementor-element-57bcf0b\" data-id=\"57bcf0b\" data-element_type=\"column\">\n\t\t\t<div class=\"elementor-widget-wrap elementor-element-populated\">\n\t\t\t\t<div class=\"elementor-element elementor-element-2cc8c7e e-flex e-con-boxed e-con e-parent\" data-id=\"2cc8c7e\" data-element_type=\"container\">\n\t\t\t\t\t<div class=\"e-con-inner\">\n\t\t\t\t<div class=\"elementor-element elementor-element-63b4c43 elementor-widget elementor-widget-heading\" data-id=\"63b4c43\" data-element_type=\"widget\" data-widget_type=\"heading.default\">\n\t\t\t\t<div class=\"elementor-widget-container\">\n\t\t\t<h4 class=\"elementor-heading-title elementor-size-default\">Chef de l\u2019\u00e9quipe\u00a0<\/h4>\t\t<\/div>\n\t\t\t\t<\/div>\n\t\t\t\t<div class=\"elementor-element elementor-element-fa41936 elementor-widget elementor-widget-text-editor\" data-id=\"fa41936\" data-element_type=\"widget\" data-widget_type=\"text-editor.default\">\n\t\t\t\t<div class=\"elementor-widget-container\">\n\t\t\t\t\t\t\t<ul><li><strong>Prof. Abdelkader Namane (2018- \u00e0 ce jour)<\/strong><\/li><li><strong>\u00a0<\/strong><strong>Prof. Djamila Harik (2000- 2018)<\/strong><\/li><\/ul>\t\t\t\t\t\t<\/div>\n\t\t\t\t<\/div>\n\t\t\t\t\t<\/div>\n\t\t\t\t<\/div>\n\t\t\t\t\t<\/div>\n\t\t<\/div>\n\t\t\t\t\t<\/div>\n\t\t<\/section>\n\t\t<div class=\"elementor-element elementor-element-8dcbb76 e-flex e-con-boxed e-con e-parent\" data-id=\"8dcbb76\" data-element_type=\"container\">\n\t\t\t\t\t<div class=\"e-con-inner\">\n\t\t\t\t<div class=\"elementor-element elementor-element-8a1d31e elementor-widget elementor-widget-heading\" data-id=\"8a1d31e\" data-element_type=\"widget\" data-widget_type=\"heading.default\">\n\t\t\t\t<div class=\"elementor-widget-container\">\n\t\t\t<h4 class=\"elementor-heading-title elementor-size-default\">Description du programme scientifique de recherche d'\u00e9quipe 3:\n<\/h4>\t\t<\/div>\n\t\t\t\t<\/div>\n\t\t\t\t\t<\/div>\n\t\t\t\t<\/div>\n\t\t<div class=\"elementor-element elementor-element-23b4eec e-flex e-con-boxed e-con e-parent\" data-id=\"23b4eec\" data-element_type=\"container\">\n\t\t\t\t\t<div class=\"e-con-inner\">\n\t\t\t\t<div class=\"elementor-element elementor-element-f6a24d8 elementor-widget elementor-widget-text-editor\" data-id=\"f6a24d8\" data-element_type=\"widget\" data-widget_type=\"text-editor.default\">\n\t\t\t\t<div class=\"elementor-widget-container\">\n\t\t\t\t\t\t\t<p>L\u2019\u00e9quipe s&rsquo;att\u00e8le\u00a0 \u00e0\u00a0 r\u00e9soudre une probl\u00e9matique donn\u00e9e. Qu\u2019elle soit d&rsquo;origine organique,\u00a0 min\u00e9rale ou biologique, des solutions sont propos\u00e9es quant \u00e0 la r\u00e9solution des pollutions en pr\u00e9sence. Les diff\u00e9rents travaux en cours ou \u00e0 venir sont:<\/p><ul><li>Traitement de l&rsquo;eau\u00a0 contamin\u00e9e par l\u2019uranium,<\/li><li>Traitement de l&rsquo;eau contamin\u00e9e par des m\u00e9dicaments ( pollution \u00e9mergente);<\/li><li>Traitement des lixiviats issus des centres d&rsquo;enfouissement techniques\u00a0;<\/li><li>Gestion des boues issues des stations d&rsquo;\u00e9purations des eaux us\u00e9es;\u00a0 &#8211;<\/li><\/ul><p>Gestion de d\u00e9chets solides en vue de leur int\u00e9gration dans les proc\u00e9d\u00e9s de traitement des eaux pollu\u00e9es&#8230;..<\/p>\t\t\t\t\t\t<\/div>\n\t\t\t\t<\/div>\n\t\t\t\t\t<\/div>\n\t\t\t\t<\/div>\n\t\t<div class=\"elementor-element elementor-element-64dee55 e-flex e-con-boxed e-con e-parent\" data-id=\"64dee55\" data-element_type=\"container\">\n\t\t\t\t\t<div class=\"e-con-inner\">\n\t\t\t\t<div class=\"elementor-element elementor-element-d8de01f elementor-widget elementor-widget-heading\" data-id=\"d8de01f\" data-element_type=\"widget\" data-widget_type=\"heading.default\">\n\t\t\t\t<div class=\"elementor-widget-container\">\n\t\t\t<h4 class=\"elementor-heading-title elementor-size-default\">Membres de l\u2019\u00e9quipe 3<\/h4>\t\t<\/div>\n\t\t\t\t<\/div>\n\t\t\t\t\t<\/div>\n\t\t\t\t<\/div>\n\t\t<div class=\"elementor-element elementor-element-dfbe3d5 e-flex e-con-boxed e-con e-parent\" data-id=\"dfbe3d5\" data-element_type=\"container\">\n\t\t\t\t\t<div class=\"e-con-inner\">\n\t\t\t\t<div class=\"elementor-element elementor-element-d808b58 elementor-widget elementor-widget-text-editor\" data-id=\"d808b58\" data-element_type=\"widget\" data-widget_type=\"text-editor.default\">\n\t\t\t\t<div class=\"elementor-widget-container\">\n\t\t\t\t\t\t\t<style>\n    body {\n        font-family: 'Times New Roman', serif; \/* Police Times New Roman *\/\n        color: #000; \/* Texte noir *\/\n        font-size: 14px; \/* Taille de texte 14px *\/\n        background-color: transparent; \/* Fond transparent pour le corps *\/\n    }\n    table {\n        width: 100%;\n        border-collapse: collapse;\n        border: 2px solid #000; \/* Bordure noire pour le tableau *\/\n        background-color: #fff; \/* Fond blanc pour le tableau *\/\n    }\n    th, td {\n        border: 1px solid #000; \/* Bordure noire pour chaque cellule *\/\n        padding: 8px;\n        text-align: left;\n        background-color: #fff; \/* Fond blanc pour les cellules *\/\n        font-family: 'Times New Roman', serif; \/* Police Times New Roman *\/\n        font-size: 14px; \/* Taille de texte 14px *\/\n        color: #000; \/* Texte noir *\/\n    }\n    th {\n        font-weight: bold;\n    }\n    a {\n        \/* Texte noir pour les liens *\/\n        text-decoration: none; \/* Retirer le soulignement des liens *\/\n    }\n    a:hover {\n        text-decoration: underline; \/* Soulignement au survol *\/\n    }\n<\/style>\n\n<table>\n    <thead>\n        <tr>\n            <th>N\u00b0<\/th>\n            <th>Nom et Pr\u00e9nom<\/th>\n            <th>Grade<\/th>\n            <th>\u00c9tablissement de rattachement<\/th>\n            <th>Mail<\/th>\n            <th>Google Scholar\/ResearchGate<\/th>\n        <\/tr>\n    <\/thead>\n    <tbody>\n        <tr>\n            <td>1<\/td>\n            <td>Namane Abdelkader<\/td>\n            <td>Pr<\/td>\n            <td>ENP<\/td>\n            <td>abdelkader.namane@g.enp.edu.dz<\/td>\n            <td><a href=\"https:\/\/scholar.google.fr\/citations?hl=fr&#038;user=5YzquRoAAAAJ\" target=\"_blank\">Lien de Google Scholar<\/a><\/td>\n        <\/tr>\n        <tr>\n            <td>2<\/td>\n            <td>Bitchikh Karima<\/td>\n            <td>MCA<\/td>\n            <td>ENP<\/td>\n            <td><\/td>\n            <td><a href=\"https:\/\/scholar.google.fr\/citations?hl=fr&#038;user=6mdt7w0AAAAJ\" target=\"_blank\">Lien de Google Scholar<\/a><\/td>\n        <\/tr>\n        <tr>\n            <td>3<\/td>\n            <td>Benmokhtar Amine<\/td>\n            <td>MCA<\/td>\n            <td>ENP<\/td>\n            <td><\/td>\n            <td><a href=\"https:\/\/scholar.google.fr\/citations?hl=fr&#038;user=phFdMpQAAAAJ\" target=\"_blank\">Lien de Google Scholar<\/a><\/td>\n        <\/tr>\n        <tr>\n            <td>4<\/td>\n            <td>Tchkiken Chahinez<\/td>\n            <td>MCB<\/td>\n            <td>ENP<\/td>\n            <td><\/td>\n            <td><a href=\"https:\/\/scholar.google.fr\/citations?hl=fr&#038;user=dmLXgpUAAAAJ\" target=\"_blank\">Lien de Google Scholar<\/a><\/td>\n        <\/tr>\n        <tr>\n            <td>5<\/td>\n            <td>Boumechhour Fatima<\/td>\n            <td>MCA<\/td>\n            <td>Universit\u00e9 de Boumerdes<\/td>\n            <td><\/td>\n            <td><\/td>\n        <\/tr>\n        <tr>\n            <td>6<\/td>\n            <td>Ouriache Hadjer<\/td>\n            <td>MCB<\/td>\n            <td>Universit\u00e9 de Blida<\/td>\n            <td><\/td>\n            <td><\/td>\n        <\/tr>\n        <tr>\n            <td>7<\/td>\n            <td>Belkaid Ishak<\/td>\n            <td>Doctorant<\/td>\n            <td>ENP<\/td>\n            <td><\/td>\n            <td><\/td>\n        <\/tr>\n        <tr>\n            <td>8<\/td>\n            <td>Mokrane Sana<\/td>\n            <td>Doctorante<\/td>\n            <td>ENP<\/td>\n            <td><\/td>\n            <td><\/td>\n        <\/tr>\n        <tr>\n            <td>9<\/td>\n            <td>Khemmari Amira<\/td>\n            <td>Doctorante<\/td>\n            <td>ENP<\/td>\n            <td><\/td>\n            <td><\/td>\n        <\/tr>\n        <tr>\n            <td>10<\/td>\n            <td>Hibeche Imane<\/td>\n            <td>Doctorante<\/td>\n            <td>ENP<\/td>\n            <td><\/td>\n            <td><\/td>\n        <\/tr>\n <tr>\n            <td>11<\/td>\n            <td>Ouriache Hadjer<\/td>\n            <td>Doctorante<\/td>\n            <td>ENP<\/td>\n            <td><\/td>\n            <td><\/td>\n        <\/tr>\n    <\/tbody>\n<\/table>\n\t\t\t\t\t\t<\/div>\n\t\t\t\t<\/div>\n\t\t\t\t\t<\/div>\n\t\t\t\t<\/div>\n\t\t\t\t<\/div>\n\t\t","protected":false},"excerpt":{"rendered":"<p>Acronyme GPE &amp; SPC Chef de l\u2019\u00e9quipe\u00a0 Prof. Abdelkader Namane (2018- \u00e0 ce jour) \u00a0Prof. Djamila Harik (2000- 2018) Description du programme scientifique de recherche&hellip;<\/p>\n","protected":false},"author":1,"featured_media":0,"parent":0,"menu_order":0,"comment_status":"closed","ping_status":"closed","template":"","meta":{"footnotes":""},"class_list":["post-361","page","type-page","status-publish","hentry"],"_links":{"self":[{"href":"https:\/\/lste.enp.edu.dz\/index.php\/wp-json\/wp\/v2\/pages\/361","targetHints":{"allow":["GET"]}}],"collection":[{"href":"https:\/\/lste.enp.edu.dz\/index.php\/wp-json\/wp\/v2\/pages"}],"about":[{"href":"https:\/\/lste.enp.edu.dz\/index.php\/wp-json\/wp\/v2\/types\/page"}],"author":[{"embeddable":true,"href":"https:\/\/lste.enp.edu.dz\/index.php\/wp-json\/wp\/v2\/users\/1"}],"replies":[{"embeddable":true,"href":"https:\/\/lste.enp.edu.dz\/index.php\/wp-json\/wp\/v2\/comments?post=361"}],"version-history":[{"count":16,"href":"https:\/\/lste.enp.edu.dz\/index.php\/wp-json\/wp\/v2\/pages\/361\/revisions"}],"predecessor-version":[{"id":464,"href":"https:\/\/lste.enp.edu.dz\/index.php\/wp-json\/wp\/v2\/pages\/361\/revisions\/464"}],"wp:attachment":[{"href":"https:\/\/lste.enp.edu.dz\/index.php\/wp-json\/wp\/v2\/media?parent=361"}],"curies":[{"name":"wp","href":"https:\/\/api.w.org\/{rel}","templated":true}]}}