{"id":345,"date":"2025-02-04T14:01:55","date_gmt":"2025-02-04T13:01:55","guid":{"rendered":"https:\/\/lste.enp.edu.dz\/?page_id=345"},"modified":"2025-03-09T11:50:27","modified_gmt":"2025-03-09T10:50:27","slug":"interactions-materiaux-organiques-et-environnement","status":"publish","type":"page","link":"https:\/\/lste.enp.edu.dz\/index.php\/interactions-materiaux-organiques-et-environnement\/","title":{"rendered":"Interactions mat\u00e9riaux organiques et environnement"},"content":{"rendered":"\t\t<div data-elementor-type=\"wp-page\" data-elementor-id=\"345\" class=\"elementor elementor-345\">\n\t\t\t\t<div class=\"elementor-element elementor-element-feeb95f e-flex e-con-boxed e-con e-parent\" data-id=\"feeb95f\" data-element_type=\"container\">\n\t\t\t\t\t<div class=\"e-con-inner\">\n\t\t\t\t<div class=\"elementor-element elementor-element-4f62068 elementor-widget elementor-widget-heading\" data-id=\"4f62068\" data-element_type=\"widget\" data-widget_type=\"heading.default\">\n\t\t\t\t<div class=\"elementor-widget-container\">\n\t\t\t<h4 class=\"elementor-heading-title elementor-size-default\">Acronyme :M &amp; E<\/h4>\t\t<\/div>\n\t\t\t\t<\/div>\n\t\t\t\t\t<\/div>\n\t\t\t\t<\/div>\n\t\t\t\t<section class=\"elementor-section elementor-top-section elementor-element elementor-element-6321f68 elementor-section-boxed elementor-section-height-default elementor-section-height-default\" data-id=\"6321f68\" data-element_type=\"section\">\n\t\t\t\t\t\t<div class=\"elementor-container elementor-column-gap-default\">\n\t\t\t\t\t<div class=\"elementor-column elementor-col-50 elementor-top-column elementor-element elementor-element-4366de9\" data-id=\"4366de9\" data-element_type=\"column\">\n\t\t\t<div class=\"elementor-widget-wrap elementor-element-populated\">\n\t\t\t\t<div class=\"elementor-element elementor-element-ae7ca71 e-flex e-con-boxed e-con e-parent\" data-id=\"ae7ca71\" data-element_type=\"container\">\n\t\t\t\t\t<div class=\"e-con-inner\">\n\t\t\t\t<div class=\"elementor-element elementor-element-cfdeea4 elementor-widget elementor-widget-heading\" data-id=\"cfdeea4\" data-element_type=\"widget\" data-widget_type=\"heading.default\">\n\t\t\t\t<div class=\"elementor-widget-container\">\n\t\t\t<h4 class=\"elementor-heading-title elementor-size-default\">Chef de l\u2019\u00e9quipe\u00a0<\/h4>\t\t<\/div>\n\t\t\t\t<\/div>\n\t\t\t\t<div class=\"elementor-element elementor-element-520a346 elementor-widget elementor-widget-text-editor\" data-id=\"520a346\" data-element_type=\"widget\" data-widget_type=\"text-editor.default\">\n\t\t\t\t<div class=\"elementor-widget-container\">\n\t\t\t\t\t\t\t<ul><li><strong>Prof. Naima Belhaneche (2000- \u00e0 ce jour)<\/strong><\/li><\/ul>\t\t\t\t\t\t<\/div>\n\t\t\t\t<\/div>\n\t\t\t\t\t<\/div>\n\t\t\t\t<\/div>\n\t\t\t\t\t<\/div>\n\t\t<\/div>\n\t\t\t\t<div class=\"elementor-column elementor-col-50 elementor-top-column elementor-element elementor-element-ea13c5f\" data-id=\"ea13c5f\" data-element_type=\"column\">\n\t\t\t<div class=\"elementor-widget-wrap elementor-element-populated\">\n\t\t\t\t<div class=\"elementor-element elementor-element-3563346 e-flex e-con-boxed e-con e-parent\" data-id=\"3563346\" data-element_type=\"container\">\n\t\t\t\t\t<div class=\"e-con-inner\">\n\t\t\t\t<div class=\"elementor-element elementor-element-3e006ba elementor-widget elementor-widget-image\" data-id=\"3e006ba\" data-element_type=\"widget\" data-widget_type=\"image.default\">\n\t\t\t\t<div class=\"elementor-widget-container\">\n\t\t\t\t\t\t\t\t\t\t\t\t\t<img fetchpriority=\"high\" decoding=\"async\" width=\"266\" height=\"218\" src=\"https:\/\/lste.enp.edu.dz\/wp-content\/uploads\/2025\/02\/logo-equipe2.png\" class=\"attachment-large size-large wp-image-348\" alt=\"\" \/>\t\t\t\t\t\t\t\t\t\t\t\t\t<\/div>\n\t\t\t\t<\/div>\n\t\t\t\t\t<\/div>\n\t\t\t\t<\/div>\n\t\t\t\t\t<\/div>\n\t\t<\/div>\n\t\t\t\t\t<\/div>\n\t\t<\/section>\n\t\t<div class=\"elementor-element elementor-element-081a8ce e-flex e-con-boxed e-con e-parent\" data-id=\"081a8ce\" data-element_type=\"container\">\n\t\t\t\t\t<div class=\"e-con-inner\">\n\t\t\t\t<div class=\"elementor-element elementor-element-2254290 elementor-widget elementor-widget-heading\" data-id=\"2254290\" data-element_type=\"widget\" data-widget_type=\"heading.default\">\n\t\t\t\t<div class=\"elementor-widget-container\">\n\t\t\t<h4 class=\"elementor-heading-title elementor-size-default\">Description du programme scientifique de recherche d'\u00e9quipe 2:\n<\/h4>\t\t<\/div>\n\t\t\t\t<\/div>\n\t\t\t\t\t<\/div>\n\t\t\t\t<\/div>\n\t\t<div class=\"elementor-element elementor-element-5ec924e e-flex e-con-boxed e-con e-parent\" data-id=\"5ec924e\" data-element_type=\"container\">\n\t\t\t\t\t<div class=\"e-con-inner\">\n\t\t\t\t<div class=\"elementor-element elementor-element-8cd7c5b elementor-widget elementor-widget-text-editor\" data-id=\"8cd7c5b\" data-element_type=\"widget\" data-widget_type=\"text-editor.default\">\n\t\t\t\t<div class=\"elementor-widget-container\">\n\t\t\t\t\t\t\t<p>L&rsquo;\u00e9quipe de recherche a pour objectifs de traiter les interactions entre les mat\u00e9riaux organiques et l&rsquo;environnement. L\u2019industrie plastique figure parmi les plus importantes activit\u00e9s industrielles chimiques en termes de quantit\u00e9 et de\u00a0 diversit\u00e9 des secteurs d\u2019applications. L\u2019accent est mis sur les polym\u00e8res synth\u00e9tiques issus de la p\u00e9trochimie et leurs d\u00e9chets (pollution \u00e9cologique), d\u2019une part, ainsi que sur les\u00a0 polym\u00e8res biod\u00e9gradables renforc\u00e9s ou non par des charges d\u2019origine v\u00e9g\u00e9tale (mat\u00e9riaux composites), d\u2019autre part. Par ailleurs, dans une optique de chimie verte respectueuse de l\u2019environnement et int\u00e9grant le concept de d\u00e9veloppement durable,\u00a0 l\u2019\u00e9quipe s\u2019int\u00e9resse\u00a0 \u00e0 la valorisation des ressources naturelles\u00a0 renouvelables pour des applications cibl\u00e9es. C\u2019est dans ce contexte global que s\u2019ins\u00e8rent les travaux de l\u2019\u00e9quipe.<\/p><p>Les axes de recherche \u00e0 caract\u00e8re exp\u00e9rimental et appliqu\u00e9 portent sur les th\u00e8mes suivants:<\/p><p>&#8211; Etude des pollutions engendr\u00e9es par les mati\u00e8res plastiques et leurs additifs\u00a0;<\/p><p>&#8211; Elaboration, caract\u00e9risation et \u00e9tude du comportement de nouveaux polym\u00e8res et additifs compatibles avec l&rsquo;environnement \u00e0 partir de ressources naturelles renouvelables\u00a0;<\/p><p>&#8211; D\u00e9veloppement de techniques de traitement, de recyclage et de valorisation des d\u00e9chets de mati\u00e8res plastiques\u00a0;<\/p><p>&#8211; Valorisation des ressources locales renouvelables (huile de tournesol, fibres v\u00e9g\u00e9tales) et des d\u00e9chets\u00a0 pour l&rsquo;obtention de mat\u00e9riaux biocomposites\u00a0;<\/p><p>&#8211; Polyol\u00e9fines oxod\u00e9gradables\u00a0;<\/p><p>&#8211; Elaboration de nouveaux mat\u00e9riaux biodegradables \u00e0 base de polym\u00e8res bio sourc\u00e9s et d&rsquo;huiles \u00e9poxyd\u00e9es\u00a0;<\/p><p>&#8211; Mat\u00e9riaux adsorbants \u00a0issus de diff\u00e9rents substrats \u00a0(ressources naturelles locales et d\u00e9chets v\u00e9g\u00e9taux);<\/p><p>&#8211; Interactions entre les emballages plastiques et les milieux au contact (simulants) dans le cas des applications alimentaires, pharmaceutiques et m\u00e9dicales et des m\u00e9thodes pour r\u00e9duire ces ph\u00e9nom\u00e8nes\u00a0;\u00a0<\/p><p>&#8211; Corrosion des mat\u00e9riaux\u00a0 sous l&rsquo;action de l&rsquo;environnement (chaleur, oxyg\u00e8ne, humidit\u00e9, polluants atmosph\u00e9riques\u2026.)\u00a0;<\/p><p>\u00a0&#8211; Analyse qualitative et quantitative des polluants \u00e9mergents (perturbateurs endocriniens et nanoplastiques) dans l\u2019environnement (air, eau et sol et biosph\u00e8re)<\/p><p>&#8211; D\u00e9veloppement de nouveaux biocapteurs pour les analyses environnementales<\/p><p>\u00a0<\/p>\t\t\t\t\t\t<\/div>\n\t\t\t\t<\/div>\n\t\t\t\t\t<\/div>\n\t\t\t\t<\/div>\n\t\t\t\t<section class=\"elementor-section elementor-top-section elementor-element elementor-element-1a4f019 elementor-section-boxed elementor-section-height-default elementor-section-height-default\" data-id=\"1a4f019\" data-element_type=\"section\">\n\t\t\t\t\t\t<div class=\"elementor-container elementor-column-gap-default\">\n\t\t\t\t\t<div class=\"elementor-column elementor-col-100 elementor-top-column elementor-element elementor-element-2319d37\" data-id=\"2319d37\" data-element_type=\"column\">\n\t\t\t<div class=\"elementor-widget-wrap elementor-element-populated\">\n\t\t\t\t<div class=\"elementor-element elementor-element-3b1b620 e-flex e-con-boxed e-con e-parent\" data-id=\"3b1b620\" data-element_type=\"container\">\n\t\t\t\t\t<div class=\"e-con-inner\">\n\t\t\t\t<div class=\"elementor-element elementor-element-4e445ca elementor-widget elementor-widget-heading\" data-id=\"4e445ca\" data-element_type=\"widget\" data-widget_type=\"heading.default\">\n\t\t\t\t<div class=\"elementor-widget-container\">\n\t\t\t<h4 class=\"elementor-heading-title elementor-size-default\">Membres de l\u2019\u00e9quipe 2<\/h4>\t\t<\/div>\n\t\t\t\t<\/div>\n\t\t\t\t\t<\/div>\n\t\t\t\t<\/div>\n\t\t\t\t\t<\/div>\n\t\t<\/div>\n\t\t\t\t\t<\/div>\n\t\t<\/section>\n\t\t<div class=\"elementor-element elementor-element-478e817 e-flex e-con-boxed e-con e-parent\" data-id=\"478e817\" data-element_type=\"container\">\n\t\t\t\t\t<div class=\"e-con-inner\">\n\t\t\t\t<div class=\"elementor-element elementor-element-d58b7f5 elementor-widget elementor-widget-text-editor\" data-id=\"d58b7f5\" data-element_type=\"widget\" data-widget_type=\"text-editor.default\">\n\t\t\t\t<div class=\"elementor-widget-container\">\n\t\t\t\t\t\t\t<style>\n    body {\n        font-family: \"Times New Roman\", Times, serif;\n        font-size: 15px; \/* Taille du texte 15px *\/\n        color: #000; \/* Texte noir *\/\n        background-color: #fff; \/* Fond blanc *\/\n    }\n    table {\n        width: 100%;\n        border-collapse: collapse;\n        border: 2px solid #000; \/* Bordure noire pour le tableau *\/\n        background-color: #fff; \/* Fond blanc pour le tableau *\/\n    }\n    th, td {\n        border: 1px solid #000; \/* Bordure noire pour chaque cellule *\/\n        padding: 8px;\n        text-align: left;\n        color: #000; \/* Texte noir pour cellules *\/\n        background-color: #fff; \/* Fond blanc pour cellules *\/\n    }\n    th {\n        font-weight: bold;\n    }\n<\/style>\n\n<table>\n    <thead>\n        <tr>\n            <th>N\u00b0<\/th>\n            <th>Nom et Pr\u00e9nom<\/th>\n            <th>Grade<\/th>\n            <th>\u00c9tablissement de rattachement<\/th>\n            <th>Mail<\/th>\n            <th>Google Scholar\/ResearchGate<\/th> <!-- Nouvelle colonne ajout\u00e9e -->\n        <\/tr>\n    <\/thead>\n    <tbody>\n        <tr>\n            <td>1<\/td>\n            <td>Belhaneche n\u00e9e Bensemra Naima<\/td>\n            <td>Pr<\/td>\n            <td>ENP<\/td>\n            <td>naima.belhaneche@g.enp.edu.dz<\/td>\n            <td><a href=\"https:\/\/scholar.google.fr\/citations?user=UKMObW4AAAAJ&amp;hl\n\n=fr\" target=\"_blank\" >Lien de Google Scholar<\/a><\/td>\n        <\/tr>\n        <tr>\n            <td>2<\/td>\n            <td>Belouadah Zouheyr<\/td>\n            <td>MCA<\/td>\n            <td>ENP<\/td>\n            <td><\/td>\n            <td><a href=\"https:\/\/scholar.google.fr\/citations?hl=fr&amp;user=nmbyMfsAAAAJ\" target=\"_blank\" >Lien de Google Scholar<\/a><\/td>\n        <\/tr>\n        <tr>\n            <td>3<\/td>\n            <td>Benhassine Wassim<\/td>\n            <td>MCA<\/td>\n            <td>ENP<\/td>\n            <td><\/td>\n            <td><a href=\"https:\/\/scholar.google.fr\/citations?hl=fr&amp;user=_tVyxGgAAAAJ\" target=\"_blank\" >Lien de Google Scholar<\/a><\/td>\n        <\/tr>\n        <tr>\n            <td>4<\/td>\n            <td>Djellouli Naima<\/td>\n            <td>MCB<\/td>\n            <td>ENP<\/td>\n            <td><\/td>\n            <td><a href=\"https:\/\/scholar.google.fr\/citations?hl=fr&amp;user=NmauaOAAAAAJ\" target=\"_blank\" >Lien de Google Scholar<\/a><\/td>\n        <\/tr>\n        <tr>\n            <td>5<\/td>\n            <td>Moulouel Nadjia<\/td>\n            <td>MAA<\/td>\n            <td>ENP<\/td>\n            <td><\/td>\n            <td><\/td>\n        <\/tr>\n        <tr>\n            <td>6<\/td>\n            <td>Dahoun Yamina<\/td>\n            <td>MAA<\/td>\n            <td>ENP<\/td>\n            <td><\/td>\n            <td><a href=\"https:\/\/www.researchgate.net\/scientific-contributions\/Yamina-\nTchoulak-2083448752\" target=\"_blank\" >Lien de Google Scholar<\/a><\/td>\n        <\/tr>\n        <tr>\n            <td>7<\/td>\n            <td>Boussoum Idir<\/td>\n            <td>Pr<\/td>\n            <td>Universit\u00e9 de Tiaret<\/td>\n            <td><\/td>\n            <td><\/td>\n        <\/tr>\n        <tr>\n            <td>8<\/td>\n            <td>Lardjane Nadia<\/td>\n            <td>Pr<\/td>\n            <td>Universit\u00e9 de Tizi Ouzou<\/td>\n            <td><\/td>\n            <td><\/td>\n        <\/tr>\n        <tr>\n            <td>9<\/td>\n            <td>Irinslimane Ratiba<\/td>\n            <td>MCA<\/td>\n            <td>Universit\u00e9 de Boumerdes<\/td>\n            <td><\/td>\n            <td><\/td>\n        <\/tr>\n        <tr>\n            <td>10<\/td>\n            <td>Ouazene Naima<\/td>\n            <td>MCA<\/td>\n            <td>Universit\u00e9 de Boumerdes<\/td>\n            <td><\/td>\n            <td><\/td>\n        <\/tr>\n        <!-- Continuer avec les autres lignes -->\n    <\/tbody>\n<\/table>\n\t\t\t\t\t\t<\/div>\n\t\t\t\t<\/div>\n\t\t\t\t\t<\/div>\n\t\t\t\t<\/div>\n\t\t\t\t<\/div>\n\t\t","protected":false},"excerpt":{"rendered":"<p>Acronyme :M &amp; E Chef de l\u2019\u00e9quipe\u00a0 Prof. Naima Belhaneche (2000- \u00e0 ce jour) Description du programme scientifique de recherche d&rsquo;\u00e9quipe 2: L&rsquo;\u00e9quipe de recherche&hellip;<\/p>\n","protected":false},"author":1,"featured_media":0,"parent":0,"menu_order":0,"comment_status":"closed","ping_status":"closed","template":"","meta":{"footnotes":""},"class_list":["post-345","page","type-page","status-publish","hentry"],"_links":{"self":[{"href":"https:\/\/lste.enp.edu.dz\/index.php\/wp-json\/wp\/v2\/pages\/345","targetHints":{"allow":["GET"]}}],"collection":[{"href":"https:\/\/lste.enp.edu.dz\/index.php\/wp-json\/wp\/v2\/pages"}],"about":[{"href":"https:\/\/lste.enp.edu.dz\/index.php\/wp-json\/wp\/v2\/types\/page"}],"author":[{"embeddable":true,"href":"https:\/\/lste.enp.edu.dz\/index.php\/wp-json\/wp\/v2\/users\/1"}],"replies":[{"embeddable":true,"href":"https:\/\/lste.enp.edu.dz\/index.php\/wp-json\/wp\/v2\/comments?post=345"}],"version-history":[{"count":16,"href":"https:\/\/lste.enp.edu.dz\/index.php\/wp-json\/wp\/v2\/pages\/345\/revisions"}],"predecessor-version":[{"id":457,"href":"https:\/\/lste.enp.edu.dz\/index.php\/wp-json\/wp\/v2\/pages\/345\/revisions\/457"}],"wp:attachment":[{"href":"https:\/\/lste.enp.edu.dz\/index.php\/wp-json\/wp\/v2\/media?parent=345"}],"curies":[{"name":"wp","href":"https:\/\/api.w.org\/{rel}","templated":true}]}}