{"id":306,"date":"2025-02-03T15:12:57","date_gmt":"2025-02-03T14:12:57","guid":{"rendered":"https:\/\/lste.enp.edu.dz\/?page_id=306"},"modified":"2025-02-03T15:20:01","modified_gmt":"2025-02-03T14:20:01","slug":"objectifs","status":"publish","type":"page","link":"https:\/\/lste.enp.edu.dz\/index.php\/objectifs\/","title":{"rendered":"Objectifs"},"content":{"rendered":"\t\t<div data-elementor-type=\"wp-page\" data-elementor-id=\"306\" class=\"elementor elementor-306\">\n\t\t\t\t<div class=\"elementor-element elementor-element-fe00b0f e-flex e-con-boxed e-con e-parent\" data-id=\"fe00b0f\" data-element_type=\"container\">\n\t\t\t\t\t<div class=\"e-con-inner\">\n\t\t\t\t<div class=\"elementor-element elementor-element-9ebb65e elementor-widget elementor-widget-text-editor\" data-id=\"9ebb65e\" data-element_type=\"widget\" data-widget_type=\"text-editor.default\">\n\t\t\t\t<div class=\"elementor-widget-container\">\n\t\t\t\t\t\t\t<ul><li><strong>La protection de l&rsquo;eau, du sol, et de l&rsquo;air;<\/strong><\/li><li><strong>Les interactions polluants\/ milieu;<\/strong><\/li><li><strong>Les m\u00e9thodes de caract\u00e9risation et d&rsquo;\u00e9valuation de la pollution; <\/strong><\/li><li><strong>Les m\u00e9thodes de r\u00e9duction de la pollution et des nuisances;\u00a0 <\/strong><\/li><li><strong>Le d\u00e9veloppement de techniques de traitement, de recyclage et de valorisation des effluents liquides et gazeux et des d\u00e9chets solides.<\/strong><\/li><\/ul><p>\u00a0<\/p>\t\t\t\t\t\t<\/div>\n\t\t\t\t<\/div>\n\t\t\t\t\t<\/div>\n\t\t\t\t<\/div>\n\t\t<div class=\"elementor-element elementor-element-82be302 e-flex e-con-boxed e-con e-parent\" data-id=\"82be302\" data-element_type=\"container\">\n\t\t\t\t\t<div class=\"e-con-inner\">\n\t\t\t\t<div class=\"elementor-element elementor-element-0ac72c2 elementor-widget elementor-widget-heading\" data-id=\"0ac72c2\" data-element_type=\"widget\" data-widget_type=\"heading.default\">\n\t\t\t\t<div class=\"elementor-widget-container\">\n\t\t\t<h2 class=\"elementor-heading-title elementor-size-default\">Missions du LSTE<\/h2>\t\t<\/div>\n\t\t\t\t<\/div>\n\t\t\t\t<div class=\"elementor-element elementor-element-b1f0b22 elementor-widget elementor-widget-text-editor\" data-id=\"b1f0b22\" data-element_type=\"widget\" data-widget_type=\"text-editor.default\">\n\t\t\t\t<div class=\"elementor-widget-container\">\n\t\t\t\t\t\t\t<ul><li><strong>Formation par la recherche de formateurs de haut niveau<\/strong><\/li><li><strong>Renforcement des capacit\u00e9s nationales d&rsquo;intervention dans le domaine de l&rsquo;environnement<\/strong><\/li><li><strong>D\u00e9veloppement des techniques de traitement et de valorisation adapt\u00e9es au contexte et sp\u00e9cificit\u00e9 du pays <\/strong><\/li><li><strong>Etudes des moyens les plus adapt\u00e9s pour la r\u00e9duction ou l&rsquo;\u00e9limination des diverses formes de pollution<\/strong><\/li><li><strong>Fournir les \u00e9l\u00e9ments n\u00e9cessaires pour les prises de d\u00e9cision sur l&rsquo;environnement \u00e0 l&rsquo;\u00e9chelle nationale ou internationale. <\/strong><\/li><li><strong>Aider \u00e0 la mise en place de strat\u00e9gies efficaces et adapt\u00e9es pour la lutte contre la d\u00e9gradation du milieu.<\/strong><\/li><\/ul>\t\t\t\t\t\t<\/div>\n\t\t\t\t<\/div>\n\t\t\t\t\t<\/div>\n\t\t\t\t<\/div>\n\t\t\t\t<\/div>\n\t\t","protected":false},"excerpt":{"rendered":"<p>La protection de l&rsquo;eau, du sol, et de l&rsquo;air; Les interactions polluants\/ milieu; Les m\u00e9thodes de caract\u00e9risation et d&rsquo;\u00e9valuation de la pollution; Les m\u00e9thodes de&hellip;<\/p>\n","protected":false},"author":1,"featured_media":0,"parent":0,"menu_order":0,"comment_status":"closed","ping_status":"closed","template":"","meta":{"footnotes":""},"class_list":["post-306","page","type-page","status-publish","hentry"],"_links":{"self":[{"href":"https:\/\/lste.enp.edu.dz\/index.php\/wp-json\/wp\/v2\/pages\/306","targetHints":{"allow":["GET"]}}],"collection":[{"href":"https:\/\/lste.enp.edu.dz\/index.php\/wp-json\/wp\/v2\/pages"}],"about":[{"href":"https:\/\/lste.enp.edu.dz\/index.php\/wp-json\/wp\/v2\/types\/page"}],"author":[{"embeddable":true,"href":"https:\/\/lste.enp.edu.dz\/index.php\/wp-json\/wp\/v2\/users\/1"}],"replies":[{"embeddable":true,"href":"https:\/\/lste.enp.edu.dz\/index.php\/wp-json\/wp\/v2\/comments?post=306"}],"version-history":[{"count":4,"href":"https:\/\/lste.enp.edu.dz\/index.php\/wp-json\/wp\/v2\/pages\/306\/revisions"}],"predecessor-version":[{"id":314,"href":"https:\/\/lste.enp.edu.dz\/index.php\/wp-json\/wp\/v2\/pages\/306\/revisions\/314"}],"wp:attachment":[{"href":"https:\/\/lste.enp.edu.dz\/index.php\/wp-json\/wp\/v2\/media?parent=306"}],"curies":[{"name":"wp","href":"https:\/\/api.w.org\/{rel}","templated":true}]}}