{"id":234,"date":"2024-12-04T09:24:31","date_gmt":"2024-12-04T08:24:31","guid":{"rendered":"https:\/\/lste.enp.edu.dz\/?page_id=234"},"modified":"2025-12-16T08:53:23","modified_gmt":"2025-12-16T07:53:23","slug":"evenements-scientifiques","status":"publish","type":"page","link":"https:\/\/lste.enp.edu.dz\/index.php\/evenements-scientifiques\/","title":{"rendered":"Ev\u00e8nements Scientifiques"},"content":{"rendered":"\t\t<div data-elementor-type=\"wp-page\" data-elementor-id=\"234\" class=\"elementor elementor-234\">\n\t\t\t\t<div class=\"elementor-element elementor-element-f519037 e-flex e-con-boxed e-con e-parent\" data-id=\"f519037\" data-element_type=\"container\">\n\t\t\t\t\t<div class=\"e-con-inner\">\n\t\t\t\t<div class=\"elementor-element elementor-element-9435e45 elementor-widget elementor-widget-text-editor\" data-id=\"9435e45\" data-element_type=\"widget\" data-widget_type=\"text-editor.default\">\n\t\t\t\t<div class=\"elementor-widget-container\">\n\t\t\t\t\t\t\t<h2 style=\"text-align:center; margin-bottom:20px;\">\n    La Journ\u00e9e doctorale du 6 d\u00e9cembre 2025\n<\/h2>\n\n<div class=\"gallery\">\n    <img decoding=\"async\" src=\"https:\/\/lste.enp.edu.dz\/wp-content\/uploads\/2025\/12\/S1040502-scaled.jpg\" alt=\"Photo 1\">\n    <img decoding=\"async\" src=\"https:\/\/lste.enp.edu.dz\/wp-content\/uploads\/2025\/12\/IMG_3480-scaled.jpg\" alt=\"Photo 2\">\n    <img decoding=\"async\" src=\"https:\/\/lste.enp.edu.dz\/wp-content\/uploads\/2025\/12\/IMG_3459-scaled.jpg\" alt=\"Photo 3\">\n    <img decoding=\"async\" src=\"https:\/\/lste.enp.edu.dz\/wp-content\/uploads\/2025\/12\/IMG_3472-scaled.jpg\" alt=\"Photo 4\">\n    <img decoding=\"async\" src=\"https:\/\/lste.enp.edu.dz\/wp-content\/uploads\/2025\/12\/IMG_3464-scaled.jpg\" alt=\"Photo 5\">\n    <img decoding=\"async\" src=\"https:\/\/lste.enp.edu.dz\/wp-content\/uploads\/2025\/12\/IMG_3476-scaled.jpg\" alt=\"Photo 6\">\n    <img decoding=\"async\" src=\"https:\/\/lste.enp.edu.dz\/wp-content\/uploads\/2025\/12\/IMG_3468-scaled.jpg\" alt=\"Photo 7\">\n    <img decoding=\"async\" src=\"https:\/\/lste.enp.edu.dz\/wp-content\/uploads\/2025\/12\/IMG_3485-scaled.jpg\" alt=\"Photo 8\">\n<\/div>\n\n<!-- Lightbox -->\n<div class=\"lightbox\" id=\"lightbox\">\n    <span class=\"close\">&times;<\/span>\n    <img id=\"lightbox-img\">\n<\/div>\n\n<style>\n.gallery {\n    display: grid;\n    grid-template-columns: repeat(auto-fit, minmax(180px, 1fr));\n    gap: 12px;\n    max-width: 1000px;\n    margin: auto;\n}\n\n.gallery img {\n    width: 100%;\n    aspect-ratio: 4\/3; \/* ratio fixe pour toutes les images *\/\n    object-fit: cover; \/* conserve la coupe de l'image sans la d\u00e9former *\/\n    border-radius: 10px;\n    cursor: pointer;\n    box-shadow: 0 4px 12px rgba(0,0,0,0.2);\n    transition: transform 0.3s ease, box-shadow 0.3s ease;\n}\n\n.gallery img:hover {\n    transform: scale(1.05);\n    box-shadow: 0 8px 20px rgba(0,0,0,0.3);\n}\n\n\/* Lightbox *\/\n.lightbox {\n    display: none;\n    position: fixed;\n    z-index: 9999;\n    top: 0;\n    left: 0;\n    width: 100%;\n    height: 100%;\n    background: rgba(0,0,0,0.9);\n    justify-content: center;\n    align-items: center;\n}\n\n.lightbox img {\n    max-width: 90%;\n    max-height: 90%;\n    animation: zoomIn 0.4s ease;\n}\n\n.close {\n    position: absolute;\n    top: 20px;\n    right: 30px;\n    font-size: 40px;\n    color: #fff;\n    cursor: pointer;\n}\n\n@keyframes zoomIn {\n    from { transform: scale(0.6); opacity: 0; }\n    to { transform: scale(1); opacity: 1; }\n}\n<\/style>\n\n<script>\nconst images = document.querySelectorAll('.gallery img');\nconst lightbox = document.getElementById('lightbox');\nconst lightboxImg = document.getElementById('lightbox-img');\nconst closeBtn = document.querySelector('.close');\n\nimages.forEach(img => {\n    img.addEventListener('click', () => {\n        lightbox.style.display = 'flex';\n        lightboxImg.src = img.src;\n    });\n});\n\ncloseBtn.addEventListener('click', () => {\n    lightbox.style.display = 'none';\n});\n\nlightbox.addEventListener('click', e => {\n    if (e.target !== lightboxImg) {\n        lightbox.style.display = 'none';\n    }\n});\n<\/script>\n\t\t\t\t\t\t<\/div>\n\t\t\t\t<\/div>\n\t\t\t\t\t<\/div>\n\t\t\t\t<\/div>\n\t\t<div class=\"elementor-element elementor-element-804ea45 e-flex e-con-boxed e-con e-parent\" data-id=\"804ea45\" data-element_type=\"container\">\n\t\t\t\t\t<div class=\"e-con-inner\">\n\t\t\t\t<div class=\"elementor-element elementor-element-a068cf8 elementor-widget elementor-widget-text-editor\" data-id=\"a068cf8\" data-element_type=\"widget\" data-widget_type=\"text-editor.default\">\n\t\t\t\t<div class=\"elementor-widget-container\">\n\t\t\t\t\t\t\t<ul><li>Journ\u00e9es Scientifiques d\u00e9di\u00e9es \u00e0 la c\u00e9l\u00e9bration de la Journ\u00e9es Mondiale de l\u2019Environnement, ENP, 3-5 Juin 2006<\/li><li>\u00a0C\u00e9l\u00e9bration de la journ\u00e9e mondiale de l\u2019Environnement, ENP, 5 Juin 2007<\/li><li>\u00a0Journ\u00e9e Scientifique\u00a0: Eau, Environnement et Sant\u00e9, ENP, 13 Avril 2009<\/li><li>\u00a0Conf\u00e9rence-d\u00e9bat de haut niveau anim\u00e9e par l\u2019expert fran\u00e7ais Robert Joumard, Directeur de Recherche INRETS, Bron, France, \u00ab\u00a0Transports et d\u00e9veloppement durable\u00bb, ENP, 15 mai 2008<\/li><li>\u00a0Colloque International \u00ab\u00a0Environment and Transport in different contexts\u00a0\u00bb, Ghardaia, 16-18 f\u00e9vrier 2009<\/li><li>\u00a0Journ\u00e9es Doctorales, ENP, Alger, 2018-2024<\/li><li>\u00a0C\u00e9l\u00e9bration de la Journ\u00e9e de l\u2019Eau, Alger, 15 Mars 2023<\/li><li>\u00a01<sup>er<\/sup> S\u00e9minaire National Poly Environnement, Alger, 10-11 juin 2023<\/li><li>2\u00e8me S\u00e9minaire National Poly Environnement, Alger, 1<sup>er<\/sup>et le 2 juin 2024<\/li><li>Conf\u00e9rence Internationale Environnement, Gestion, Traitements et D\u00e9veloppement Durable (EGTDD), 8-10 Novembre 2025<\/li><\/ul>\t\t\t\t\t\t<\/div>\n\t\t\t\t<\/div>\n\t\t\t\t\t<\/div>\n\t\t\t\t<\/div>\n\t\t<div class=\"elementor-element elementor-element-77b27b2 e-flex e-con-boxed e-con e-parent\" data-id=\"77b27b2\" data-element_type=\"container\">\n\t\t\t\t\t<div class=\"e-con-inner\">\n\t\t\t\t<div class=\"elementor-element elementor-element-2894df7 elementor-widget elementor-widget-heading\" data-id=\"2894df7\" data-element_type=\"widget\" data-widget_type=\"heading.default\">\n\t\t\t\t<div class=\"elementor-widget-container\">\n\t\t\t<h4 class=\"elementor-heading-title elementor-size-default\">Participation aux salons de la Recherche organis\u00e9s par la DGRSDT<\/h4>\t\t<\/div>\n\t\t\t\t<\/div>\n\t\t\t\t\t<\/div>\n\t\t\t\t<\/div>\n\t\t<div class=\"elementor-element elementor-element-ac994ec e-flex e-con-boxed e-con e-parent\" data-id=\"ac994ec\" data-element_type=\"container\">\n\t\t\t\t\t<div class=\"e-con-inner\">\n\t\t\t\t<div class=\"elementor-element elementor-element-30bce4f elementor-widget elementor-widget-text-editor\" data-id=\"30bce4f\" data-element_type=\"widget\" data-widget_type=\"text-editor.default\">\n\t\t\t\t<div class=\"elementor-widget-container\">\n\t\t\t\t\t\t\t<ol><li>\u00a0Elaboration et caract\u00e9risation de nouveaux mat\u00e9riaux composites\u00a0 biod\u00e9gradables \u00e0 matrice thermoplastique renforc\u00e9s par des fibres v\u00e9g\u00e9tales,\u00a0 \u00a0 Salon National de la Valorisation des R\u00e9sultats des Programmes Nationaux de Recherche, <strong>Oran,\u00a0 8- 9 Avril 2014<\/strong>.<\/li><li>\u00a0Nouveau mat\u00e9riau composite \u00e0 base de polychlorure de vinyle renforc\u00e9 par des fibres de plumes de poulet, Salon National de la Recherche, <strong>15-16 Avril 2017, Alger. <\/strong><\/li><li>\u00a0L\u2019huile de tournesol \u00e9poxyd\u00e9e : stabilisant thermique et plastifiant pour le polychlorure de vinyle (PVC), Salon National de la Recherche, <strong>15-16 Avril 2017, Alger<\/strong><\/li><\/ol>\t\t\t\t\t\t<\/div>\n\t\t\t\t<\/div>\n\t\t\t\t\t<\/div>\n\t\t\t\t<\/div>\n\t\t<div class=\"elementor-element elementor-element-66eeef4 e-flex e-con-boxed e-con e-parent\" data-id=\"66eeef4\" data-element_type=\"container\">\n\t\t\t\t\t<div class=\"e-con-inner\">\n\t\t\t\t<div class=\"elementor-element elementor-element-5c947f6 elementor-widget elementor-widget-heading\" data-id=\"5c947f6\" data-element_type=\"widget\" data-widget_type=\"heading.default\">\n\t\t\t\t<div class=\"elementor-widget-container\">\n\t\t\t<h4 class=\"elementor-heading-title elementor-size-default\">Appui \u00e0 la graduation<\/h4>\t\t<\/div>\n\t\t\t\t<\/div>\n\t\t\t\t\t<\/div>\n\t\t\t\t<\/div>\n\t\t<div class=\"elementor-element elementor-element-112e1f6 e-flex e-con-boxed e-con e-parent\" data-id=\"112e1f6\" data-element_type=\"container\">\n\t\t\t\t\t<div class=\"e-con-inner\">\n\t\t\t\t<div class=\"elementor-element elementor-element-6e24dd8 elementor-widget elementor-widget-text-editor\" data-id=\"6e24dd8\" data-element_type=\"widget\" data-widget_type=\"text-editor.default\">\n\t\t\t\t<div class=\"elementor-widget-container\">\n\t\t\t\t\t\t\t<p><span style=\"text-decoration: underline;\"><strong>Sp\u00e9cialit\u00e9s<\/strong>:<\/span><\/p><ul><li style=\"list-style-type: none;\"><ul><li>G\u00e9nie des proc\u00e9d\u00e9s et de\u00a0 l\u2019environnement<\/li><li>Contribution \u00e0 la cr\u00e9ation de la nouvelle fili\u00e8re \u00ab Qualit\u00e9, Hygi\u00e8ne, S\u00e9curit\u00e9, Environnement et Gestion des Risques Industriels (QHSE-GRI)<\/li><li>M\u00e9moires de fin d\u2019\u00e9tudes d\u2019ing\u00e9nieur soutenus <strong>(2000-2023): 325<\/strong><\/li><li>M\u00e9moires de master soutenus <strong>(2012-2019): 105<\/strong><\/li><\/ul><\/li><\/ul>\t\t\t\t\t\t<\/div>\n\t\t\t\t<\/div>\n\t\t\t\t\t<\/div>\n\t\t\t\t<\/div>\n\t\t\t\t<\/div>\n\t\t","protected":false},"excerpt":{"rendered":"<p>La Journ\u00e9e doctorale du 6 d\u00e9cembre 2025 &times; Journ\u00e9es Scientifiques d\u00e9di\u00e9es \u00e0 la c\u00e9l\u00e9bration de la Journ\u00e9es Mondiale de l\u2019Environnement, ENP, 3-5 Juin 2006 \u00a0C\u00e9l\u00e9bration&hellip;<\/p>\n","protected":false},"author":1,"featured_media":0,"parent":0,"menu_order":0,"comment_status":"closed","ping_status":"closed","template":"","meta":{"footnotes":""},"class_list":["post-234","page","type-page","status-publish","hentry"],"_links":{"self":[{"href":"https:\/\/lste.enp.edu.dz\/index.php\/wp-json\/wp\/v2\/pages\/234","targetHints":{"allow":["GET"]}}],"collection":[{"href":"https:\/\/lste.enp.edu.dz\/index.php\/wp-json\/wp\/v2\/pages"}],"about":[{"href":"https:\/\/lste.enp.edu.dz\/index.php\/wp-json\/wp\/v2\/types\/page"}],"author":[{"embeddable":true,"href":"https:\/\/lste.enp.edu.dz\/index.php\/wp-json\/wp\/v2\/users\/1"}],"replies":[{"embeddable":true,"href":"https:\/\/lste.enp.edu.dz\/index.php\/wp-json\/wp\/v2\/comments?post=234"}],"version-history":[{"count":19,"href":"https:\/\/lste.enp.edu.dz\/index.php\/wp-json\/wp\/v2\/pages\/234\/revisions"}],"predecessor-version":[{"id":534,"href":"https:\/\/lste.enp.edu.dz\/index.php\/wp-json\/wp\/v2\/pages\/234\/revisions\/534"}],"wp:attachment":[{"href":"https:\/\/lste.enp.edu.dz\/index.php\/wp-json\/wp\/v2\/media?parent=234"}],"curies":[{"name":"wp","href":"https:\/\/api.w.org\/{rel}","templated":true}]}}