{"id":162,"date":"2024-12-03T10:51:28","date_gmt":"2024-12-03T09:51:28","guid":{"rendered":"http:\/\/172.31.192.16\/?page_id=162"},"modified":"2025-02-06T14:22:36","modified_gmt":"2025-02-06T13:22:36","slug":"collaborations-internationales","status":"publish","type":"page","link":"https:\/\/lste.enp.edu.dz\/index.php\/collaborations-internationales\/","title":{"rendered":"Collaborations Internationales"},"content":{"rendered":"\t\t<div data-elementor-type=\"wp-page\" data-elementor-id=\"162\" class=\"elementor elementor-162\">\n\t\t\t\t<div class=\"elementor-element elementor-element-0c7563c e-flex e-con-boxed e-con e-parent\" data-id=\"0c7563c\" data-element_type=\"container\">\n\t\t\t\t\t<div class=\"e-con-inner\">\n\t\t\t\t<div class=\"elementor-element elementor-element-c703eb8 elementor-widget elementor-widget-text-editor\" data-id=\"c703eb8\" data-element_type=\"widget\" data-widget_type=\"text-editor.default\">\n\t\t\t\t<div class=\"elementor-widget-container\">\n\t\t\t\t\t\t\t<ul><li>Journ\u00e9es Scientifiques d\u00e9di\u00e9es \u00e0 la c\u00e9l\u00e9bration de la Journ\u00e9es Mondiale de l\u2019Environnement, ENP, 3-5 Juin 2006<\/li><li>\u00a0C\u00e9l\u00e9bration de la journ\u00e9e mondiale de l\u2019Environnement, ENP, 5 Juin 2007<\/li><li>\u00a0Journ\u00e9e Scientifique\u00a0: Eau, Environnement et Sant\u00e9, ENP, 13 Avril 2009<\/li><li>\u00a0Conf\u00e9rence-d\u00e9bat de haut niveau anim\u00e9e par l\u2019expert fran\u00e7ais Robert Joumard, Directeur de Recherche INRETS, Bron, France, \u00ab\u00a0Transports et d\u00e9veloppement durable\u00bb, ENP, 15 mai 2008<\/li><li>\u00a0Colloque International \u00ab\u00a0Environment and Transport in different contexts\u00a0\u00bb, Ghardaia, 16-18 f\u00e9vrier 2009<\/li><li>\u00a0Journ\u00e9es Doctorales, ENP, Alger, 2018-2024<\/li><li>\u00a0C\u00e9l\u00e9bration de la Journ\u00e9e de l\u2019Eau, Alger, 15 Mars 2023<\/li><li>\u00a01<sup>er<\/sup> S\u00e9minaire National Poly Environnement, Alger, 10-11 juin 2023<\/li><li>2\u00e8me S\u00e9minaire National Poly Environnement, Alger, 1<sup>er<\/sup>et le 2 juin 2024<\/li><li>Conf\u00e9rence Internationale Environnement, Gestion, Traitements et D\u00e9veloppement Durable (EGTDD), 8-10 Novembre 2025<\/li><\/ul>\t\t\t\t\t\t<\/div>\n\t\t\t\t<\/div>\n\t\t\t\t\t<\/div>\n\t\t\t\t<\/div>\n\t\t<div class=\"elementor-element elementor-element-6a85700 e-flex e-con-boxed e-con e-parent\" data-id=\"6a85700\" data-element_type=\"container\">\n\t\t\t\t\t<div class=\"e-con-inner\">\n\t\t\t\t<div class=\"elementor-element elementor-element-c353f54 elementor-widget elementor-widget-heading\" data-id=\"c353f54\" data-element_type=\"widget\" data-widget_type=\"heading.default\">\n\t\t\t\t<div class=\"elementor-widget-container\">\n\t\t\t<h4 class=\"elementor-heading-title elementor-size-default\">Partenaires<\/h4>\t\t<\/div>\n\t\t\t\t<\/div>\n\t\t\t\t\t<\/div>\n\t\t\t\t<\/div>\n\t\t<div class=\"elementor-element elementor-element-cfd6e12 e-flex e-con-boxed e-con e-parent\" data-id=\"cfd6e12\" data-element_type=\"container\">\n\t\t\t\t\t<div class=\"e-con-inner\">\n\t\t\t\t<div class=\"elementor-element elementor-element-b1db9ad elementor-widget elementor-widget-text-editor\" data-id=\"b1db9ad\" data-element_type=\"widget\" data-widget_type=\"text-editor.default\">\n\t\t\t\t<div class=\"elementor-widget-container\">\n\t\t\t\t\t\t\t<ul><li>SEAAL, ASMIDAL, INPV, MATE, ONEDD, AND, ONA, ANRH, ONAAPH<\/li><li>Diverses industries: plastiques, p\u00e9trole, agro-alimentaire, pharmaceutiques<\/li><li>Organismes de recherches: CRTSE, CDER, CDTA, CRNA, CRD-SH, CRTI<\/li><li>Laboratoires de recherches universitaires.<\/li><\/ul>\t\t\t\t\t\t<\/div>\n\t\t\t\t<\/div>\n\t\t\t\t\t<\/div>\n\t\t\t\t<\/div>\n\t\t\t\t<\/div>\n\t\t","protected":false},"excerpt":{"rendered":"<p>Journ\u00e9es Scientifiques d\u00e9di\u00e9es \u00e0 la c\u00e9l\u00e9bration de la Journ\u00e9es Mondiale de l\u2019Environnement, ENP, 3-5 Juin 2006 \u00a0C\u00e9l\u00e9bration de la journ\u00e9e mondiale de l\u2019Environnement, ENP, 5&hellip;<\/p>\n","protected":false},"author":1,"featured_media":0,"parent":0,"menu_order":0,"comment_status":"closed","ping_status":"closed","template":"","meta":{"footnotes":""},"class_list":["post-162","page","type-page","status-publish","hentry"],"_links":{"self":[{"href":"https:\/\/lste.enp.edu.dz\/index.php\/wp-json\/wp\/v2\/pages\/162","targetHints":{"allow":["GET"]}}],"collection":[{"href":"https:\/\/lste.enp.edu.dz\/index.php\/wp-json\/wp\/v2\/pages"}],"about":[{"href":"https:\/\/lste.enp.edu.dz\/index.php\/wp-json\/wp\/v2\/types\/page"}],"author":[{"embeddable":true,"href":"https:\/\/lste.enp.edu.dz\/index.php\/wp-json\/wp\/v2\/users\/1"}],"replies":[{"embeddable":true,"href":"https:\/\/lste.enp.edu.dz\/index.php\/wp-json\/wp\/v2\/comments?post=162"}],"version-history":[{"count":4,"href":"https:\/\/lste.enp.edu.dz\/index.php\/wp-json\/wp\/v2\/pages\/162\/revisions"}],"predecessor-version":[{"id":425,"href":"https:\/\/lste.enp.edu.dz\/index.php\/wp-json\/wp\/v2\/pages\/162\/revisions\/425"}],"wp:attachment":[{"href":"https:\/\/lste.enp.edu.dz\/index.php\/wp-json\/wp\/v2\/media?parent=162"}],"curies":[{"name":"wp","href":"https:\/\/api.w.org\/{rel}","templated":true}]}}