{"id":137,"date":"2024-12-03T10:39:04","date_gmt":"2024-12-03T09:39:04","guid":{"rendered":"http:\/\/172.31.192.16\/?page_id=137"},"modified":"2025-03-10T09:18:14","modified_gmt":"2025-03-10T08:18:14","slug":"projets-de-recherche-en-cours","status":"publish","type":"page","link":"https:\/\/lste.enp.edu.dz\/index.php\/projets-de-recherche-en-cours\/","title":{"rendered":"Projets de recherche en cours"},"content":{"rendered":"\t\t<div data-elementor-type=\"wp-page\" data-elementor-id=\"137\" class=\"elementor elementor-137\">\n\t\t\t\t<div class=\"elementor-element elementor-element-4651cec e-flex e-con-boxed e-con e-parent\" data-id=\"4651cec\" data-element_type=\"container\">\n\t\t\t\t\t<div class=\"e-con-inner\">\n\t\t\t\t<div class=\"elementor-element elementor-element-8e1c9c7 elementor-widget elementor-widget-heading\" data-id=\"8e1c9c7\" data-element_type=\"widget\" data-widget_type=\"heading.default\">\n\t\t\t\t<div class=\"elementor-widget-container\">\n\t\t\t<h4 class=\"elementor-heading-title elementor-size-default\">Projets de recherche en cours<\/h4>\t\t<\/div>\n\t\t\t\t<\/div>\n\t\t\t\t\t<\/div>\n\t\t\t\t<\/div>\n\t\t<div class=\"elementor-element elementor-element-123ea96 e-flex e-con-boxed e-con e-parent\" data-id=\"123ea96\" data-element_type=\"container\">\n\t\t\t\t\t<div class=\"e-con-inner\">\n\t\t\t\t<div class=\"elementor-element elementor-element-47ab497 elementor-widget elementor-widget-text-editor\" data-id=\"47ab497\" data-element_type=\"widget\" data-widget_type=\"text-editor.default\">\n\t\t\t\t<div class=\"elementor-widget-container\">\n\t\t\t\t\t\t\t<style>\n    table {\n        border-collapse: collapse;\n        border: 1px solid black;\n        font-family: 'Times New Roman', Times, serif;\n        font-size: 13px; \/* R\u00e9duit la taille du texte *\/\n        color: black;\n    }\n    th, td {\n        border: 1px solid black;\n        padding: 1px; \/* R\u00e9duit l'espacement interne *\/\n        text-align: center;\n        background-color: #ffffff;\n    }\n    th {\n        background-color: #ffffff;\n    }\n<\/style>\n\n<table>\n    <thead>\n        <tr>\n            <th>N\u00b0<\/th>\n            <th>Intitul\u00e9<\/th>\n            <th>Type<\/th>\n            <th>Chef de projet<\/th>\n            <th>Ann\u00e9e d\u2019agr\u00e9ment<\/th>\n        <\/tr>\n    <\/thead>\n    <tbody>\n        <tr>\n            <td>1<\/td>\n            <td>D\u00e9veloppement de proth\u00e8ses orthop\u00e9diques biosourc\u00e9es all\u00e9g\u00e9es<\/td>\n            <td>PNR<\/td>\n            <td>Dr. Belouadah Zouheyr<\/td>\n            <td>2022<\/td>\n        <\/tr>\n        <tr>\n            <td>2<\/td>\n            <td>Elimination des odeurs et mesure des gaz volatils responsables<\/td>\n            <td>PNR<\/td>\n            <td>Pr. Moussaoui Yacine<\/td>\n            <td>2022<\/td>\n        <\/tr>\n        <tr>\n            <td>3<\/td>\n            <td>\u00c9laboration d\u2019une membrane composite \u00e0 base de mat\u00e9riau carbon\u00e9 pour la filtration de x\u00e9nobiotiques et polluants organiques de l\u2019eau<\/td>\n            <td>Equipe de recherche mixte Mat\u00e9riaux et Environnement<\/td>\n            <td>Pr. Belhaneche Naima<\/td>\n            <td>2023<\/td>\n        <\/tr>\n        <tr>\n            <td>4<\/td>\n            <td>Mat\u00e9riaux biocomposites et oxodegradables<\/td>\n            <td>PRFU<\/td>\n            <td>Pr. Belhaneche Naima<\/td>\n            <td>2022<\/td>\n        <\/tr>\n        <tr>\n            <td>5<\/td>\n            <td>Valorisation des boues des stations d\u2019\u00e9puration (STEP) dans le cadre du d\u00e9veloppement durable<\/td>\n            <td>PRFU<\/td>\n            <td>Pr. Namane Abdelkader<\/td>\n            <td>2022<\/td>\n        <\/tr>\n    <\/tbody>\n<\/table>\n\t\t\t\t\t\t<\/div>\n\t\t\t\t<\/div>\n\t\t\t\t\t<\/div>\n\t\t\t\t<\/div>\n\t\t<div class=\"elementor-element elementor-element-d7ca542 e-flex e-con-boxed e-con e-parent\" data-id=\"d7ca542\" data-element_type=\"container\">\n\t\t\t\t\t<div class=\"e-con-inner\">\n\t\t\t\t<div class=\"elementor-element elementor-element-d076dd7 elementor-widget elementor-widget-heading\" data-id=\"d076dd7\" data-element_type=\"widget\" data-widget_type=\"heading.default\">\n\t\t\t\t<div class=\"elementor-widget-container\">\n\t\t\t<h4 class=\"elementor-heading-title elementor-size-default\">Projets de recherche depuis 2000: 53 dont 05 en cours<\/h4>\t\t<\/div>\n\t\t\t\t<\/div>\n\t\t\t\t\t<\/div>\n\t\t\t\t<\/div>\n\t\t<div class=\"elementor-element elementor-element-8bb8df7 e-flex e-con-boxed e-con e-parent\" data-id=\"8bb8df7\" data-element_type=\"container\">\n\t\t\t\t\t<div class=\"e-con-inner\">\n\t\t\t\t<div class=\"elementor-element elementor-element-6e922d4 elementor-widget elementor-widget-text-editor\" data-id=\"6e922d4\" data-element_type=\"widget\" data-widget_type=\"text-editor.default\">\n\t\t\t\t<div class=\"elementor-widget-container\">\n\t\t\t\t\t\t\t<p>\u00a0<\/p><table><thead><tr><th>Projets<\/th><th>Nombre<\/th><th>Situation<\/th><\/tr><\/thead><tbody><tr><td>PNR<\/td><td>02<\/td><td>En cours<\/td><\/tr><tr><td>Equipe de recherche mixte Mat\u00e9riaux &amp; Environnement, Ecole Nationale Polytechnique &amp; Office National de l\u2019Assainissement<\/td><td>01<\/td><td>En cours<\/td><\/tr><tr><td>PRFU<\/td><td>03<\/td><td>En cours<\/td><\/tr><tr><td>PRFU<\/td><td>01<\/td><td>Achev\u00e9<\/td><\/tr><tr><td>Socio-\u00e9conomiques<\/td><td>03<\/td><td>Achev\u00e9s<\/td><\/tr><tr><td>CNEPRU<\/td><td>21<\/td><td>Achev\u00e9s<\/td><\/tr><tr><td>ANDRU<\/td><td>05<\/td><td>Achev\u00e9s<\/td><\/tr><tr><td>ANDRS<\/td><td>04<\/td><td>Achev\u00e9s<\/td><\/tr><tr><td>AND, ONEDD (Ex- MATE)<\/td><td>07<\/td><td>Achev\u00e9s<\/td><\/tr><tr><td>PNR<\/td><td>05<\/td><td>Achev\u00e9s<\/td><\/tr><tr><td>Accord programme CMEP<\/td><td>01<\/td><td>Achev\u00e9<\/td><\/tr><\/tbody><\/table><p>\u00a0<\/p>\t\t\t\t\t\t<\/div>\n\t\t\t\t<\/div>\n\t\t\t\t\t<\/div>\n\t\t\t\t<\/div>\n\t\t\t\t<\/div>\n\t\t","protected":false},"excerpt":{"rendered":"<p>Projets de recherche en cours N\u00b0 Intitul\u00e9 Type Chef de projet Ann\u00e9e d\u2019agr\u00e9ment 1 D\u00e9veloppement de proth\u00e8ses orthop\u00e9diques biosourc\u00e9es all\u00e9g\u00e9es PNR Dr. Belouadah Zouheyr 2022&hellip;<\/p>\n","protected":false},"author":1,"featured_media":0,"parent":0,"menu_order":0,"comment_status":"closed","ping_status":"closed","template":"","meta":{"footnotes":""},"class_list":["post-137","page","type-page","status-publish","hentry"],"_links":{"self":[{"href":"https:\/\/lste.enp.edu.dz\/index.php\/wp-json\/wp\/v2\/pages\/137","targetHints":{"allow":["GET"]}}],"collection":[{"href":"https:\/\/lste.enp.edu.dz\/index.php\/wp-json\/wp\/v2\/pages"}],"about":[{"href":"https:\/\/lste.enp.edu.dz\/index.php\/wp-json\/wp\/v2\/types\/page"}],"author":[{"embeddable":true,"href":"https:\/\/lste.enp.edu.dz\/index.php\/wp-json\/wp\/v2\/users\/1"}],"replies":[{"embeddable":true,"href":"https:\/\/lste.enp.edu.dz\/index.php\/wp-json\/wp\/v2\/comments?post=137"}],"version-history":[{"count":13,"href":"https:\/\/lste.enp.edu.dz\/index.php\/wp-json\/wp\/v2\/pages\/137\/revisions"}],"predecessor-version":[{"id":483,"href":"https:\/\/lste.enp.edu.dz\/index.php\/wp-json\/wp\/v2\/pages\/137\/revisions\/483"}],"wp:attachment":[{"href":"https:\/\/lste.enp.edu.dz\/index.php\/wp-json\/wp\/v2\/media?parent=137"}],"curies":[{"name":"wp","href":"https:\/\/api.w.org\/{rel}","templated":true}]}}