{"id":128,"date":"2024-12-03T10:20:06","date_gmt":"2024-12-03T09:20:06","guid":{"rendered":"http:\/\/172.31.192.16\/?page_id=128"},"modified":"2025-02-03T15:20:54","modified_gmt":"2025-02-03T14:20:54","slug":"presentation","status":"publish","type":"page","link":"https:\/\/lste.enp.edu.dz\/index.php\/presentation\/","title":{"rendered":"Pr\u00e9sentation"},"content":{"rendered":"\t\t<div data-elementor-type=\"wp-page\" data-elementor-id=\"128\" class=\"elementor elementor-128\">\n\t\t\t\t<div class=\"elementor-element elementor-element-6043578 e-flex e-con-boxed e-con e-parent\" data-id=\"6043578\" data-element_type=\"container\">\n\t\t\t\t\t<div class=\"e-con-inner\">\n\t\t\t\t<div class=\"elementor-element elementor-element-225d13c elementor-widget elementor-widget-spacer\" data-id=\"225d13c\" data-element_type=\"widget\" data-widget_type=\"spacer.default\">\n\t\t\t\t<div class=\"elementor-widget-container\">\n\t\t\t\t\t<div class=\"elementor-spacer\">\n\t\t\t<div class=\"elementor-spacer-inner\"><\/div>\n\t\t<\/div>\n\t\t\t\t<\/div>\n\t\t\t\t<\/div>\n\t\t\t\t\t<\/div>\n\t\t\t\t<\/div>\n\t\t<div class=\"elementor-element elementor-element-11b52b9 e-flex e-con-boxed e-con e-parent\" data-id=\"11b52b9\" data-element_type=\"container\">\n\t\t\t\t\t<div class=\"e-con-inner\">\n\t\t\t\t<div class=\"elementor-element elementor-element-8f70edb elementor-widget elementor-widget-text-editor\" data-id=\"8f70edb\" data-element_type=\"widget\" data-widget_type=\"text-editor.default\">\n\t\t\t\t<div class=\"elementor-widget-container\">\n\t\t\t\t\t\t\t<p>Le laboratoire des Sciences et Techniques de l\u2019Environnement (LSTE) a \u00e9t\u00e9 cr\u00e9\u00e9\u00a0 par un groupe de chercheurs (<strong>Pr. KERBACHI\u00a0Rabah, Pr. BELHANECHE-BENSEMRA Naima, Pr. HELLAL Amina, Pr. HARIK Djamila et Pr. MOUSSAOUI Khadidja-Meriem<\/strong>), unis par leur\u00a0d\u00e9sir de contribuer \u00e0 la pr\u00e9servation de l\u2019environnement et de la sant\u00e9 humaine. Initialement constitu\u00e9 de 5 \u00e9quipes de recherche (Equipe 01\u00a0: Traitement et valorisation des rejets liquides et solides\u00a0; Equipe 02\u00a0<strong>: <\/strong>Interactions mat\u00e9riaux organiques et environnement\u00a0; Equipe 03\u00a0: Nuisances des produits chimiques\u00a0; Equipe 04\u00a0: Mod\u00e9lisation, simulation et optimisation\u00a0; Equipe 05\u00a0: Pollution atmosph\u00e9rique), les \u00e9quipes 3 et 4 ont fusionn\u00e9 en 2013 (Equipe 03\u00a0: Nuisances des produits chimiques),\u00a0 suite au d\u00e9part \u00e0 la retraite du Pr. Moussaoui. En 2022, une cinqui\u00e8me \u00e9quipe a \u00e9t\u00e9 agr\u00e9\u00e9e (Equipe 05\u00a0: Maitrise des Risques Industriels et Environnementaux).<\/p><p>\u00a0<\/p><p>Depuis sa cr\u00e9ation en 2000, conform\u00e9ment au d\u00e9cret ex\u00e9cutif N\u00b099-244 du 31 octobre 1999, le laboratoire a \u00e9t\u00e9 dirig\u00e9 par le <strong>Professeur Rabah Kerbachi<\/strong> jusqu\u2019en <strong>2013<\/strong>, par le <strong>Professeur Amina Hellal<\/strong> jusqu\u2019en <strong>2016<\/strong>, puis, par le <strong>Professeur\u00a0Belhaneche-Bensemra Naima, de 2016 \u00e0 ce jour<\/strong>.<\/p><p>\u00a0<\/p><p><strong>\u00a0<\/strong>Il convient de noter qu\u2019avec la croissance d\u00e9mographique, la forte urbanisation, le d\u00e9veloppement \u00e9conomique et industriel, l\u2019intensification et la multiplication des sources polluantes, la d\u00e9gradation de l\u2019environnement a atteint dans notre pays un seuil mena\u00e7ant. Les probl\u00e8mes rencontr\u00e9s sont de plus en plus complexes et d\u2019un potentiel nuisance de plus en plus \u00e9lev\u00e9. C\u2019est ainsi qu\u2019on constate que les ressources naturelles et la qualit\u00e9 de la vie se d\u00e9gradent de plus en plus. Cette insuffisante prise en charge de la protection de l\u2019environnement est due, entre autres, \u00e0 l\u2019absence de l\u2019application des r\u00e9sultats de la recherche scientifique pouvant apporter des solutions locales appropri\u00e9es aux probl\u00e8mes pos\u00e9s sur le terrain.<\/p><p>Dans un contexte trans- et pluri-disciplinaire, le laboratoire propose ses services dans les domaines de la protection de l\u2019environnement et la lutte contre la d\u00e9gradation du milieu, toutes activit\u00e9s confondues et touchant tous les secteurs socio-\u00e9conomiques.<\/p><p>Il soutient la mise en place de formations gradu\u00e9e et post-gradu\u00e9e de haut niveau, adapt\u00e9es aux pr\u00e9occupations du pays pour une am\u00e9lioration du cadre de vie tout en s\u2019inscrivant dans une strat\u00e9gie de d\u00e9veloppement durable et de technologies propres qui prend en compte la pr\u00e9servation de l\u2019\u00e9cosyst\u00e8me pour les g\u00e9n\u00e9rations futures.<\/p>\t\t\t\t\t\t<\/div>\n\t\t\t\t<\/div>\n\t\t\t\t\t<\/div>\n\t\t\t\t<\/div>\n\t\t\t\t<\/div>\n\t\t","protected":false},"excerpt":{"rendered":"<p>Le laboratoire des Sciences et Techniques de l\u2019Environnement (LSTE) a \u00e9t\u00e9 cr\u00e9\u00e9\u00a0 par un groupe de chercheurs (Pr. KERBACHI\u00a0Rabah, Pr. BELHANECHE-BENSEMRA Naima, Pr. HELLAL Amina,&hellip;<\/p>\n","protected":false},"author":1,"featured_media":0,"parent":0,"menu_order":0,"comment_status":"closed","ping_status":"closed","template":"","meta":{"footnotes":""},"class_list":["post-128","page","type-page","status-publish","hentry"],"_links":{"self":[{"href":"https:\/\/lste.enp.edu.dz\/index.php\/wp-json\/wp\/v2\/pages\/128","targetHints":{"allow":["GET"]}}],"collection":[{"href":"https:\/\/lste.enp.edu.dz\/index.php\/wp-json\/wp\/v2\/pages"}],"about":[{"href":"https:\/\/lste.enp.edu.dz\/index.php\/wp-json\/wp\/v2\/types\/page"}],"author":[{"embeddable":true,"href":"https:\/\/lste.enp.edu.dz\/index.php\/wp-json\/wp\/v2\/users\/1"}],"replies":[{"embeddable":true,"href":"https:\/\/lste.enp.edu.dz\/index.php\/wp-json\/wp\/v2\/comments?post=128"}],"version-history":[{"count":10,"href":"https:\/\/lste.enp.edu.dz\/index.php\/wp-json\/wp\/v2\/pages\/128\/revisions"}],"predecessor-version":[{"id":318,"href":"https:\/\/lste.enp.edu.dz\/index.php\/wp-json\/wp\/v2\/pages\/128\/revisions\/318"}],"wp:attachment":[{"href":"https:\/\/lste.enp.edu.dz\/index.php\/wp-json\/wp\/v2\/media?parent=128"}],"curies":[{"name":"wp","href":"https:\/\/api.w.org\/{rel}","templated":true}]}}