{"id":120,"date":"2024-12-03T10:09:56","date_gmt":"2024-12-03T09:09:56","guid":{"rendered":"http:\/\/172.31.192.16\/?page_id=120"},"modified":"2025-02-04T13:59:21","modified_gmt":"2025-02-04T12:59:21","slug":"themes-de-recherche-par-equipe","status":"publish","type":"page","link":"https:\/\/lste.enp.edu.dz\/index.php\/themes-de-recherche-par-equipe\/","title":{"rendered":"Th\u00e8mes de Recherche par Equipe"},"content":{"rendered":"\t\t<div data-elementor-type=\"wp-page\" data-elementor-id=\"120\" class=\"elementor elementor-120\">\n\t\t\t\t<div class=\"elementor-element elementor-element-9658ac1 e-con-full e-flex e-con e-parent\" data-id=\"9658ac1\" data-element_type=\"container\">\n\t\t\t\t<div class=\"elementor-element elementor-element-db8f88b elementor-widget elementor-widget-spacer\" data-id=\"db8f88b\" data-element_type=\"widget\" data-widget_type=\"spacer.default\">\n\t\t\t\t<div class=\"elementor-widget-container\">\n\t\t\t\t\t<div class=\"elementor-spacer\">\n\t\t\t<div class=\"elementor-spacer-inner\"><\/div>\n\t\t<\/div>\n\t\t\t\t<\/div>\n\t\t\t\t<\/div>\n\t\t\t\t<\/div>\n\t\t<div class=\"elementor-element elementor-element-29c533f e-flex e-con-boxed e-con e-parent\" data-id=\"29c533f\" data-element_type=\"container\">\n\t\t\t\t\t<div class=\"e-con-inner\">\n\t\t\t\t<div class=\"elementor-element elementor-element-c3507c9 elementor-widget elementor-widget-heading\" data-id=\"c3507c9\" data-element_type=\"widget\" data-widget_type=\"heading.default\">\n\t\t\t\t<div class=\"elementor-widget-container\">\n\t\t\t<h2 class=\"elementor-heading-title elementor-size-default\">Th\u00e8mes de Recherche\u00a0<\/h2>\t\t<\/div>\n\t\t\t\t<\/div>\n\t\t\t\t<div class=\"elementor-element elementor-element-0fe5750 elementor-widget elementor-widget-text-editor\" data-id=\"0fe5750\" data-element_type=\"widget\" data-widget_type=\"text-editor.default\">\n\t\t\t\t<div class=\"elementor-widget-container\">\n\t\t\t\t\t\t\t<p>&#8211; Proc\u00e9d\u00e9s de valorisation biologique d\u2019effluents industriels, de d\u00e9chets agro-alimentaires et d\u2019extraits v\u00e9g\u00e9taux.\u00a0<\/p><p>&#8211; Proc\u00e9d\u00e9s biologiques de d\u00e9pollution des eaux et des sols<\/p><p>&#8211; Traitement et valorisation des rejets liquides et solides<\/p><p>&#8211; Impact des polluants organiques sur l&rsquo;environnement<\/p><p>&#8211; Biod\u00e9gradation de pesticides et des compos\u00e9s organiques<\/p><p>&#8211; Environnement et sant\u00e9<\/p><p>&#8211; Optimisation et mod\u00e9lisation des bioproc\u00e9d\u00e9s<\/p><p>&#8211; Activit\u00e9 biologique de v\u00e9g\u00e9taux et de leurs extraits<\/p><p>&#8211; Gestion des d\u00e9chets dangereux<\/p><p>&#8211;\u00a0Interactions mat\u00e9riaux et environnement<br \/>&#8211;\u00a0\u00a0Etude des\u00a0 interactions entre les emballages plastiques et les milieux au contact\u00a0 (simulants) ainsi que les m\u00e9thodes pour les r\u00e9duire \u00a0dans le cas des applications alimentaires, pharmaceutiques et m\u00e9dicales<br \/>&#8211;\u00a0\u00a0Mise au point de m\u00e9thodes analytiques pour tester l\u2019inertie des emballages plastiques<br \/>&#8211;\u00a0\u00a0Etude des pollutions (eau, sol, air) engendr\u00e9es par les mati\u00e8res plastiques et leurs additifs \u00a0<br \/>&#8211;\u00a0\u00a0Elaboration, la caract\u00e9risation et l\u2019\u00e9tude du comportement de nouveaux polym\u00e8res et additifs compatibles avec l\u2019environnement \u00e0 partir de ressources naturelles renouvelables<br \/>&#8211;\u00a0D\u00e9veloppement de techniques de traitement, de recyclage et de\u00a0 valorisation des d\u00e9chets de mati\u00e8res plastiques<br \/>&#8211;\u00a0Valorisation de d\u00e9chets pour l&rsquo;obtention de mat\u00e9riaux composites<br \/>&#8211;\u00a0Polym\u00e8res biod\u00e9gradables<\/p><p>&#8211; Gestion de la pollution des eaux par les produits chimiques<br \/>&#8211; \u00a0Etude et \u00e9limination de la pollution des eaux et des sols par les polluants organiques et les\u00a0m\u00e9taux\u00a0 lourds<br \/>&#8211;\u00a0 Mise au point de m\u00e9thodes d\u2019analyse des r\u00e9sidus de pesticides et de m\u00e9taux lourds<br \/>&#8211;\u00a0 Etude des transferts \u00e0 travers les sols vers les nappes phr\u00e9atiques<br \/>&#8211;\u00a0 Evaluation des risques de pollution- Mod\u00e9lisation<br \/>&#8211; \u00a0Interactions polluants \u2013 milieu<br \/>&#8211; \u00a0M\u00e9thodes de caract\u00e9risation et d&rsquo;\u00e9valuation de la pollution atmosph\u00e9rique<br \/>&#8211;\u00a0\u00a0M\u00e9thodes de r\u00e9duction de la pollution et des nuisances\u00a0<br \/>&#8211; \u00a0Qualit\u00e9 de l\u2019air<br \/>&#8211;\u00a0 Pollution par le trafic routier<br \/>&#8211;\u00a0 Changements climatiques<\/p><p>Mots-Cl\u00e9s\u00a0:<br \/>Environnement, eau, atmosph\u00e8re, sol, pollution, d\u00e9chets, traitement, valorisation, process, bior\u00e9acteurs, cin\u00e9tiques, mod\u00e9lisation, simulation, biod\u00e9gradation, bior\u00e9mediation,bioproc\u00e9d\u00e9s, mat\u00e9riaux organiques, polym\u00e8res, emballages plastiques, composites, biocorrosion, vieillissement, migration, interactions, contamination, pesticides, m\u00e9taux lourds, r\u00e9sidus pharmaceutiques, nuisances, produits toxiques, sant\u00e9, impact, qualit\u00e9 de l&rsquo;air, a\u00e9rocontaminants, suies, particules inhalables, a\u00e9rosols, m\u00e9taux lourds, photooxydants, ozone, m\u00e9t\u00e9orologie, trafic routier, r\u00e9seau de mesure, gaz \u00e0 effet de serre, climat, analyse, r\u00e9duction des \u00e9missions, d\u00e9veloppement durable<\/p>\t\t\t\t\t\t<\/div>\n\t\t\t\t<\/div>\n\t\t\t\t\t<\/div>\n\t\t\t\t<\/div>\n\t\t\t\t<\/div>\n\t\t","protected":false},"excerpt":{"rendered":"<p>Th\u00e8mes de Recherche\u00a0 &#8211; Proc\u00e9d\u00e9s de valorisation biologique d\u2019effluents industriels, de d\u00e9chets agro-alimentaires et d\u2019extraits v\u00e9g\u00e9taux.\u00a0 &#8211; Proc\u00e9d\u00e9s biologiques de d\u00e9pollution des eaux et des&hellip;<\/p>\n","protected":false},"author":1,"featured_media":0,"parent":0,"menu_order":0,"comment_status":"closed","ping_status":"closed","template":"","meta":{"footnotes":""},"class_list":["post-120","page","type-page","status-publish","hentry"],"_links":{"self":[{"href":"https:\/\/lste.enp.edu.dz\/index.php\/wp-json\/wp\/v2\/pages\/120","targetHints":{"allow":["GET"]}}],"collection":[{"href":"https:\/\/lste.enp.edu.dz\/index.php\/wp-json\/wp\/v2\/pages"}],"about":[{"href":"https:\/\/lste.enp.edu.dz\/index.php\/wp-json\/wp\/v2\/types\/page"}],"author":[{"embeddable":true,"href":"https:\/\/lste.enp.edu.dz\/index.php\/wp-json\/wp\/v2\/users\/1"}],"replies":[{"embeddable":true,"href":"https:\/\/lste.enp.edu.dz\/index.php\/wp-json\/wp\/v2\/comments?post=120"}],"version-history":[{"count":7,"href":"https:\/\/lste.enp.edu.dz\/index.php\/wp-json\/wp\/v2\/pages\/120\/revisions"}],"predecessor-version":[{"id":344,"href":"https:\/\/lste.enp.edu.dz\/index.php\/wp-json\/wp\/v2\/pages\/120\/revisions\/344"}],"wp:attachment":[{"href":"https:\/\/lste.enp.edu.dz\/index.php\/wp-json\/wp\/v2\/media?parent=120"}],"curies":[{"name":"wp","href":"https:\/\/api.w.org\/{rel}","templated":true}]}}